{"id":120,"date":"2017-05-29T16:40:04","date_gmt":"2017-05-29T16:40:04","guid":{"rendered":"http:\/\/inadi.gob.hn\/sitio\/?page_id=120"},"modified":"2026-03-25T14:55:33","modified_gmt":"2026-03-25T20:55:33","slug":"director-instituto-nacional-del-diabetico","status":"publish","type":"page","link":"https:\/\/inadi.gob.hn\/sitio\/director-instituto-nacional-del-diabetico\/","title":{"rendered":"DIRECTOR INSTITUTO NACIONAL DEL DIABETICO"},"content":{"rendered":"<h3 style=\"text-align: center;\"><\/h3>\n<p>&nbsp;<\/p>\n<table class=\" aligncenter\" style=\"width: 796px;\">\n<tbody>\n<tr>\n<td style=\"text-align: justify; width: 792px;\"><span style=\"font-family: trajan-pro; font-size: 14pt; color: #000000;\">\u00abNuestra misi\u00f3n es prevenir la diabetes y evitar la aparici\u00f3n de nuevos casos, al igual que brindar una atenci\u00f3n de calidad y calidez a nuestros pacientes, bajo lineamientos del Presidente Juan Orlando Hern\u00e1ndez que se preocupa por la salud del pueblo hondure\u00f1o. Queremos una Honduras m\u00e1s saludable, libre de diabetes y otras enfermedades. Por eso Ed\u00facate, Ejerc\u00edtate, come y vive sano, \u00a1Act\u00edvate! \u00a1Prevenir est\u00e1 en tus manos!\u00bb. \u00a0 \u00a0 <\/span><\/p>\n<p><span style=\"font-family: trajan-pro; font-size: 14pt;\">\u00a0 \u00a0 \u00a0 \u00a0 \u00a0 \u00a0 \u00a0 \u00a0 \u00a0 \u00a0 \u00a0 \u00a0 \u00a0 \u00a0 \u00a0 \u00a0 \u00a0 \u00a0 \u00a0 \u00a0 \u00a0 \u00a0 \u00a0 \u00a0 \u00a0 \u00a0 \u00a0 \u00a0 \u00a0 \u00a0 \u00a0 \u00a0 \u00a0 \u00a0 \u00a0 \u00a0 \u00a0 \u00a0 <\/span><\/p>\n<p><span style=\"font-family: trajan-pro; font-size: 14pt;\"><strong>Dr. Jairo Obed Ramos Tabora<\/strong><\/span><\/p>\n<p><span style=\"font-family: trajan-pro; font-size: 14pt;\"><strong>Doctor En Medicina Y Cirug\u00eda<\/strong><\/span><\/p>\n<p><span style=\"font-family: trajan-pro; font-size: 14pt;\"><strong> Director del Instituto Nacional del Diabetico<\/strong><\/span><\/p>\n<p>&nbsp;<\/p>\n<p style=\"padding-left: 30px;\"><span style=\"font-size: 14pt; color: #000000;\"><strong><span style=\"font-family: trajan-pro;\">EXPERIENCIA LABORAL<\/span><\/strong><\/span><\/p>\n<p><strong>Jefe Unidad De Vigilancia En Salud Regi\u00f3n Sanitaria De Francisco Moraz\u00e1n<\/strong><\/p>\n<p>Febrero 2022 &#8211; 31 de agosto 2022<\/p>\n<p><strong>C\u00f3digo Verde Mas<\/strong><\/p>\n<p>Marzo 2020-Enero2021<\/p>\n<p><strong>Hospital Mar\u00eda Covid-19 Adultos Sesal<\/strong><\/p>\n<p>Enero 2021-0ctubre 2021<\/p>\n<p><strong>Ejercicio Profesional En Cl\u00ednica Privada Atenci\u00f3n Primaria En Salud<\/strong><\/p>\n<p>Abril 2018- 1 Marzo 2020<\/p>\n<p><strong>CIS Villa De San Francisco\/ Triaje COVID-19 Villa De San Francisco<\/strong><\/p>\n<p>Noviembre 2021- Febrero 2022<\/p>\n<p><strong>Lat\u00edn Am\u00e9rica Head Master Assistant Power Challenge AB {Power Soccer}<\/strong><\/p>\n<p>Suecia 2009-2016<\/p>\n<p><strong>Lat\u00edn Am\u00e9rica Head Master Assistant Powerchallenge AB (Manager Zone}<\/strong><\/p>\n<p>Suecia 2016-2017<\/p>\n<p><span style=\"font-family: trajan-pro; font-size: 14pt;\"><strong>OTROS:<\/strong><\/span><br \/>\nCongreso M\u00e9dico \u00a0Nacional \u00a0COMENAC 2022<\/p>\n<p style=\"padding-left: 40px;\">LXII Congreso M\u00e9dico Nacional COMENAC 2019<\/p>\n<p style=\"padding-left: 40px;\">XXII Congreso Nacional de Pediatr\u00eda, Tegucigalpa Honduras 2018<\/p>\n<p style=\"padding-left: 40px;\">LXI Congreso Medico \u00a0Nacional COMENAC 2018<\/p>\n<p style=\"padding-left: 40px;\">I Congreso de Cirug\u00eda \u00a0pl\u00e1stica , Tegucigalpa \u00a0Honduras 2018<\/p>\n<p>&nbsp;<\/td>\n<\/tr>\n<tr>\n<td style=\"text-align: justify; width: 792px;\"><\/td>\n<\/tr>\n<\/tbody>\n<\/table>\n<table class=\" aligncenter\" style=\"height: 1080px; width: 597px;\">\n<tbody>\n<tr style=\"height: 1076.97px;\">\n<td style=\"width: 593px; height: 1076.97px;\"><img data-recalc-dims=\"1\" loading=\"lazy\" decoding=\"async\" data-attachment-id=\"2705\" data-permalink=\"https:\/\/inadi.gob.hn\/sitio\/cartera-de-servicios\/soy-inadi-2\/\" data-orig-file=\"https:\/\/i0.wp.com\/inadi.gob.hn\/sitio\/wp-content\/uploads\/2023\/05\/soy-inadi-scaled.jpg?fit=2560%2C480&amp;ssl=1\" data-orig-size=\"2560,480\" data-comments-opened=\"1\" data-image-meta=\"{&quot;aperture&quot;:&quot;0&quot;,&quot;credit&quot;:&quot;Lacayo Bermudez&quot;,&quot;camera&quot;:&quot;&quot;,&quot;caption&quot;:&quot;&quot;,&quot;created_timestamp&quot;:&quot;1684419023&quot;,&quot;copyright&quot;:&quot;&quot;,&quot;focal_length&quot;:&quot;0&quot;,&quot;iso&quot;:&quot;0&quot;,&quot;shutter_speed&quot;:&quot;0&quot;,&quot;title&quot;:&quot;&quot;,&quot;orientation&quot;:&quot;0&quot;}\" data-image-title=\"soy inadi\" data-image-description=\"\" data-image-caption=\"\" data-large-file=\"https:\/\/i0.wp.com\/inadi.gob.hn\/sitio\/wp-content\/uploads\/2023\/05\/soy-inadi-scaled.jpg?fit=640%2C120&amp;ssl=1\" class=\"aligncenter wp-image-2705 size-large\" src=\"https:\/\/i0.wp.com\/inadi.gob.hn\/sitio\/wp-content\/uploads\/2023\/05\/soy-inadi.jpg?resize=640%2C120&#038;ssl=1\" alt=\"\" width=\"640\" height=\"120\" srcset=\"https:\/\/i0.wp.com\/inadi.gob.hn\/sitio\/wp-content\/uploads\/2023\/05\/soy-inadi-scaled.jpg?resize=1024%2C192&amp;ssl=1 1024w, https:\/\/i0.wp.com\/inadi.gob.hn\/sitio\/wp-content\/uploads\/2023\/05\/soy-inadi-scaled.jpg?resize=300%2C56&amp;ssl=1 300w, https:\/\/i0.wp.com\/inadi.gob.hn\/sitio\/wp-content\/uploads\/2023\/05\/soy-inadi-scaled.jpg?resize=768%2C144&amp;ssl=1 768w, https:\/\/i0.wp.com\/inadi.gob.hn\/sitio\/wp-content\/uploads\/2023\/05\/soy-inadi-scaled.jpg?resize=1536%2C288&amp;ssl=1 1536w, https:\/\/i0.wp.com\/inadi.gob.hn\/sitio\/wp-content\/uploads\/2023\/05\/soy-inadi-scaled.jpg?resize=2048%2C384&amp;ssl=1 2048w, https:\/\/i0.wp.com\/inadi.gob.hn\/sitio\/wp-content\/uploads\/2023\/05\/soy-inadi-scaled.jpg?resize=400%2C75&amp;ssl=1 400w, https:\/\/i0.wp.com\/inadi.gob.hn\/sitio\/wp-content\/uploads\/2023\/05\/soy-inadi-scaled.jpg?w=1280&amp;ssl=1 1280w, https:\/\/i0.wp.com\/inadi.gob.hn\/sitio\/wp-content\/uploads\/2023\/05\/soy-inadi-scaled.jpg?w=1920&amp;ssl=1 1920w\" sizes=\"auto, (max-width: 640px) 100vw, 640px\" \/><\/td>\n<\/tr>\n<\/tbody>\n<\/table>\n","protected":false},"excerpt":{"rendered":"<p>&nbsp; \u00abNuestra misi\u00f3n es prevenir la diabetes y evitar la aparici\u00f3n de nuevos casos, al igual que brindar una atenci\u00f3n de calidad y calidez a nuestros pacientes, bajo lineamientos del Presidente Juan Orlando Hern\u00e1ndez que se preocupa por la salud del pueblo hondure\u00f1o. Queremos una Honduras m\u00e1s saludable, libre de diabetes y otras enfermedades. Por [&hellip;]<\/p>\n","protected":false},"author":1,"featured_media":0,"parent":0,"menu_order":0,"comment_status":"closed","ping_status":"closed","template":"","meta":{"_bbp_topic_count":0,"_bbp_reply_count":0,"_bbp_total_topic_count":0,"_bbp_total_reply_count":0,"_bbp_voice_count":0,"_bbp_anonymous_reply_count":0,"_bbp_topic_count_hidden":0,"_bbp_reply_count_hidden":0,"_bbp_forum_subforum_count":0,"_monsterinsights_skip_tracking":false,"_monsterinsights_sitenote_active":false,"_monsterinsights_sitenote_note":"","_monsterinsights_sitenote_category":0,"jetpack_post_was_ever_published":false,"footnotes":""},"class_list":["post-120","page","type-page","status-publish","hentry"],"aioseo_notices":[],"jetpack_sharing_enabled":true,"jetpack_shortlink":"https:\/\/wp.me\/P9ciV2-1W","jetpack_likes_enabled":true,"jetpack-related-posts":[{"id":142,"url":"https:\/\/inadi.gob.hn\/sitio\/brigadas-medicas\/","url_meta":{"origin":120,"position":0},"title":"BRIGADAS MEDICAS","author":"admin","date":"30 mayo, 2017","format":false,"excerpt":"Nuestra Directora, la Dra. Johana Bermudez y Regi\u00f3n De Salud Cop\u00e1n trabajando juntos por una #Honduras m\u00e1s saludable. Un esfuerzo liderado por el Presidente Juan Orlando Hern\u00e1ndez en su lucha para prevenir las enfermedades cr\u00f3nicas. [soliloquy id=\"154\"] \u00a0 Tomas de presi\u00f3n arterial en el Parque Central de #tegucigalpa , conmemorando\u2026","rel":"","context":"Entrada similar","block_context":{"text":"Entrada similar","link":""},"img":{"alt_text":"","src":"","width":0,"height":0},"classes":[]},{"id":362,"url":"https:\/\/inadi.gob.hn\/sitio\/guia-para-pacientes\/","url_meta":{"origin":120,"position":1},"title":"GU\u00cdA PARA PACIENTES","author":"admin","date":"31 mayo, 2017","format":false,"excerpt":"\u00a0 Preguntas Frecuentes A continuaci\u00f3n respondemos algunas de las preguntas m\u00e1s comunes realizadas por nuestros pacientes \u00a0 1. Un familiar tiene Diabetes y quiero llevarla a consulta al instituto, \u00bfQu\u00e9 debo hacer? Su familiar debe traer al instituto una referencia medica donde confirme que padece diabetes y tiene que solicitar\u2026","rel":"","context":"Entrada similar","block_context":{"text":"Entrada similar","link":""},"img":{"alt_text":"","src":"https:\/\/i0.wp.com\/inadi.gob.hn\/sitio\/wp-content\/uploads\/2023\/05\/soy-inadi-scaled.jpg?resize=350%2C200&ssl=1","width":350,"height":200,"srcset":"https:\/\/i0.wp.com\/inadi.gob.hn\/sitio\/wp-content\/uploads\/2023\/05\/soy-inadi-scaled.jpg?resize=350%2C200&ssl=1 1x, https:\/\/i0.wp.com\/inadi.gob.hn\/sitio\/wp-content\/uploads\/2023\/05\/soy-inadi-scaled.jpg?resize=525%2C300&ssl=1 1.5x, https:\/\/i0.wp.com\/inadi.gob.hn\/sitio\/wp-content\/uploads\/2023\/05\/soy-inadi-scaled.jpg?resize=700%2C400&ssl=1 2x, https:\/\/i0.wp.com\/inadi.gob.hn\/sitio\/wp-content\/uploads\/2023\/05\/soy-inadi-scaled.jpg?resize=1050%2C600&ssl=1 3x, https:\/\/i0.wp.com\/inadi.gob.hn\/sitio\/wp-content\/uploads\/2023\/05\/soy-inadi-scaled.jpg?resize=1400%2C800&ssl=1 4x"},"classes":[]},{"id":1906,"url":"https:\/\/inadi.gob.hn\/sitio\/problemas-del-corazon-asociados-con-la-diabetes\/","url_meta":{"origin":120,"position":2},"title":"Problemas del coraz\u00f3n asociados con la diabetes","author":"Sendy Avila","date":"28 septiembre, 2020","format":false,"excerpt":"Si usted tiene diabetes o prediabetes, presenta un mayor riesgo de enfermedad card\u00edaca relacionada con esta. Las enfermedades card\u00edacas relacionadas con la diabetes pueden ser: enfermedad coronaria, insuficiencia card\u00edaca y cardiomiopat\u00eda diab\u00e9tica. La diabetes por s\u00ed misma lo pone en riesgo de enfermedad card\u00edaca. Otros factores de riesgo incluyen: **Historia\u2026","rel":"","context":"Entrada similar","block_context":{"text":"Entrada similar","link":""},"img":{"alt_text":"","src":"https:\/\/i0.wp.com\/inadi.gob.hn\/sitio\/wp-content\/uploads\/2020\/09\/743e12b2d2a9b2f303ce3784331a6155.png?fit=800%2C800&ssl=1&resize=350%2C200","width":350,"height":200,"srcset":"https:\/\/i0.wp.com\/inadi.gob.hn\/sitio\/wp-content\/uploads\/2020\/09\/743e12b2d2a9b2f303ce3784331a6155.png?fit=800%2C800&ssl=1&resize=350%2C200 1x, https:\/\/i0.wp.com\/inadi.gob.hn\/sitio\/wp-content\/uploads\/2020\/09\/743e12b2d2a9b2f303ce3784331a6155.png?fit=800%2C800&ssl=1&resize=525%2C300 1.5x, https:\/\/i0.wp.com\/inadi.gob.hn\/sitio\/wp-content\/uploads\/2020\/09\/743e12b2d2a9b2f303ce3784331a6155.png?fit=800%2C800&ssl=1&resize=700%2C400 2x"},"classes":[]},{"id":172,"url":"https:\/\/inadi.gob.hn\/sitio\/capacitaciones\/","url_meta":{"origin":120,"position":3},"title":"CAPACITACIONES","author":"admin","date":"30 mayo, 2017","format":false,"excerpt":"\u00a0 La DESINFORMACI\u00d3N es una de las principales causas de la #diabetes y otras enfermedades. Bajo lineamientos del Presidente Juan Orlando Hern\u00e1ndez y la Directora del Instituto, la Dra. Johana Bermudez , damos voz a nuestros pacientes para que expongan sus dudas acerca de la enfermedad y otras complicaciones para\u2026","rel":"","context":"Entrada similar","block_context":{"text":"Entrada similar","link":""},"img":{"alt_text":"","src":"https:\/\/i0.wp.com\/inadi.gob.hn\/sitio\/wp-content\/uploads\/2017\/05\/Imagen1-300x237.jpg?resize=350%2C200","width":350,"height":200},"classes":[]},{"id":369,"url":"https:\/\/inadi.gob.hn\/sitio\/que-es-la-diabetes\/","url_meta":{"origin":120,"position":4},"title":"\u00bfQUE ES LA DIABETES?","author":"admin","date":"31 mayo, 2017","format":false,"excerpt":"\u00a0 \u00bfQu\u00e9 es la Diabetes? Es una enfermedad metab\u00f3lica cr\u00f3nica caracterizada por niveles elevados de glucosa en sangre, se asocia con deficiencia absoluta o relativa de la producci\u00f3n o acci\u00f3n de la insulina. S\u00cdNTOMAS DE LA DIABETES \u00a0Tipos de Diabetes \u00a0Hay varios tipos de diabetes: entre ellos los m\u00e1s comunes\u2026","rel":"","context":"Entrada similar","block_context":{"text":"Entrada similar","link":""},"img":{"alt_text":"","src":"https:\/\/i0.wp.com\/inadi.gob.hn\/sitio\/wp-content\/uploads\/2019\/11\/sintomas.jpeg?resize=350%2C200&ssl=1","width":350,"height":200,"srcset":"https:\/\/i0.wp.com\/inadi.gob.hn\/sitio\/wp-content\/uploads\/2019\/11\/sintomas.jpeg?resize=350%2C200&ssl=1 1x, https:\/\/i0.wp.com\/inadi.gob.hn\/sitio\/wp-content\/uploads\/2019\/11\/sintomas.jpeg?resize=525%2C300&ssl=1 1.5x"},"classes":[]},{"id":30,"url":"https:\/\/inadi.gob.hn\/sitio\/historia\/","url_meta":{"origin":120,"position":5},"title":"HISTORIA","author":"admin","date":"26 mayo, 2017","format":false,"excerpt":"INSTITUTO NACIONAL DEL DIABETICO (INADI) \u00a0 Que el INADI fue creado mediante Decreto Legislativo No. 144-2013 de fecha 5 de octubre de 2013, como una entidad desconcentrada adscrita a la Secretaria de Estado en el Despacho de Salud, la cual funcionar\u00e1 con personalidad Jur\u00eddica y patrimonio propio, autonom\u00eda administrativa presupuestaria\u2026","rel":"","context":"Entrada similar","block_context":{"text":"Entrada similar","link":""},"img":{"alt_text":"","src":"https:\/\/i0.wp.com\/inadi.gob.hn\/sitio\/wp-content\/uploads\/2023\/05\/soy-inadi-scaled.jpg?resize=350%2C200&ssl=1","width":350,"height":200,"srcset":"https:\/\/i0.wp.com\/inadi.gob.hn\/sitio\/wp-content\/uploads\/2023\/05\/soy-inadi-scaled.jpg?resize=350%2C200&ssl=1 1x, https:\/\/i0.wp.com\/inadi.gob.hn\/sitio\/wp-content\/uploads\/2023\/05\/soy-inadi-scaled.jpg?resize=525%2C300&ssl=1 1.5x, https:\/\/i0.wp.com\/inadi.gob.hn\/sitio\/wp-content\/uploads\/2023\/05\/soy-inadi-scaled.jpg?resize=700%2C400&ssl=1 2x, https:\/\/i0.wp.com\/inadi.gob.hn\/sitio\/wp-content\/uploads\/2023\/05\/soy-inadi-scaled.jpg?resize=1050%2C600&ssl=1 3x, https:\/\/i0.wp.com\/inadi.gob.hn\/sitio\/wp-content\/uploads\/2023\/05\/soy-inadi-scaled.jpg?resize=1400%2C800&ssl=1 4x"},"classes":[]}],"_links":{"self":[{"href":"https:\/\/inadi.gob.hn\/sitio\/wp-json\/wp\/v2\/pages\/120","targetHints":{"allow":["GET"]}}],"collection":[{"href":"https:\/\/inadi.gob.hn\/sitio\/wp-json\/wp\/v2\/pages"}],"about":[{"href":"https:\/\/inadi.gob.hn\/sitio\/wp-json\/wp\/v2\/types\/page"}],"author":[{"embeddable":true,"href":"https:\/\/inadi.gob.hn\/sitio\/wp-json\/wp\/v2\/users\/1"}],"replies":[{"embeddable":true,"href":"https:\/\/inadi.gob.hn\/sitio\/wp-json\/wp\/v2\/comments?post=120"}],"version-history":[{"count":23,"href":"https:\/\/inadi.gob.hn\/sitio\/wp-json\/wp\/v2\/pages\/120\/revisions"}],"predecessor-version":[{"id":3151,"href":"https:\/\/inadi.gob.hn\/sitio\/wp-json\/wp\/v2\/pages\/120\/revisions\/3151"}],"wp:attachment":[{"href":"https:\/\/inadi.gob.hn\/sitio\/wp-json\/wp\/v2\/media?parent=120"}],"curies":[{"name":"wp","href":"https:\/\/api.w.org\/{rel}","templated":true}]}}