{"id":1906,"date":"2020-09-28T07:12:00","date_gmt":"2020-09-28T13:12:00","guid":{"rendered":"https:\/\/inadi.gob.hn\/sitio\/?page_id=1906"},"modified":"2020-09-28T07:13:04","modified_gmt":"2020-09-28T13:13:04","slug":"problemas-del-corazon-asociados-con-la-diabetes","status":"publish","type":"page","link":"https:\/\/inadi.gob.hn\/sitio\/problemas-del-corazon-asociados-con-la-diabetes\/","title":{"rendered":"Problemas del coraz\u00f3n asociados con la diabetes"},"content":{"rendered":"<p style=\"text-align: center;\"><img data-recalc-dims=\"1\" loading=\"lazy\" decoding=\"async\" data-attachment-id=\"1907\" data-permalink=\"https:\/\/inadi.gob.hn\/sitio\/problemas-del-corazon-asociados-con-la-diabetes\/corazon\/\" data-orig-file=\"https:\/\/i0.wp.com\/inadi.gob.hn\/sitio\/wp-content\/uploads\/2020\/09\/CORAZON.jpg?fit=960%2C540&amp;ssl=1\" data-orig-size=\"960,540\" data-comments-opened=\"1\" data-image-meta=\"{&quot;aperture&quot;:&quot;0&quot;,&quot;credit&quot;:&quot;&quot;,&quot;camera&quot;:&quot;&quot;,&quot;caption&quot;:&quot;&quot;,&quot;created_timestamp&quot;:&quot;0&quot;,&quot;copyright&quot;:&quot;&quot;,&quot;focal_length&quot;:&quot;0&quot;,&quot;iso&quot;:&quot;0&quot;,&quot;shutter_speed&quot;:&quot;0&quot;,&quot;title&quot;:&quot;&quot;,&quot;orientation&quot;:&quot;0&quot;}\" data-image-title=\"CORAZON\" data-image-description=\"\" data-image-caption=\"\" data-large-file=\"https:\/\/i0.wp.com\/inadi.gob.hn\/sitio\/wp-content\/uploads\/2020\/09\/CORAZON.jpg?fit=640%2C360&amp;ssl=1\" class=\"alignnone wp-image-1907\" src=\"https:\/\/i0.wp.com\/inadi.gob.hn\/sitio\/wp-content\/uploads\/2020\/09\/CORAZON.jpg?resize=339%2C191&#038;ssl=1\" alt=\"\" width=\"339\" height=\"191\" srcset=\"https:\/\/i0.wp.com\/inadi.gob.hn\/sitio\/wp-content\/uploads\/2020\/09\/CORAZON.jpg?resize=300%2C169&amp;ssl=1 300w, https:\/\/i0.wp.com\/inadi.gob.hn\/sitio\/wp-content\/uploads\/2020\/09\/CORAZON.jpg?resize=768%2C432&amp;ssl=1 768w, https:\/\/i0.wp.com\/inadi.gob.hn\/sitio\/wp-content\/uploads\/2020\/09\/CORAZON.jpg?resize=400%2C225&amp;ssl=1 400w, https:\/\/i0.wp.com\/inadi.gob.hn\/sitio\/wp-content\/uploads\/2020\/09\/CORAZON.jpg?w=960&amp;ssl=1 960w\" sizes=\"auto, (max-width: 339px) 100vw, 339px\" \/><\/p>\n<p style=\"text-align: justify;\">Si usted tiene diabetes o prediabetes, presenta un mayor riesgo de enfermedad card\u00edaca relacionada con esta. Las enfermedades card\u00edacas relacionadas con la diabetes pueden ser: enfermedad coronaria, insuficiencia card\u00edaca y cardiomiopat\u00eda diab\u00e9tica.<\/p>\n<p style=\"text-align: justify;\">La diabetes por s\u00ed misma lo pone en riesgo de enfermedad card\u00edaca. Otros factores de riesgo incluyen:<\/p>\n<p style=\"text-align: justify;\">**Historia familiar de enfermedades del coraz\u00f3n<\/p>\n<p style=\"text-align: justify;\">**Peso extra alrededor de la cintura<\/p>\n<p style=\"text-align: justify;\">**Niveles anormales de colesterol<\/p>\n<p style=\"text-align: justify;\">**Presi\u00f3n arterial alta<\/p>\n<p style=\"text-align: justify;\">**Fumar<\/p>\n<p style=\"text-align: justify;\"><img data-recalc-dims=\"1\" loading=\"lazy\" decoding=\"async\" data-attachment-id=\"1908\" data-permalink=\"https:\/\/inadi.gob.hn\/sitio\/problemas-del-corazon-asociados-con-la-diabetes\/unnamed\/\" data-orig-file=\"https:\/\/i0.wp.com\/inadi.gob.hn\/sitio\/wp-content\/uploads\/2020\/09\/unnamed.jpg?fit=512%2C311&amp;ssl=1\" data-orig-size=\"512,311\" data-comments-opened=\"1\" data-image-meta=\"{&quot;aperture&quot;:&quot;0&quot;,&quot;credit&quot;:&quot;&quot;,&quot;camera&quot;:&quot;&quot;,&quot;caption&quot;:&quot;&quot;,&quot;created_timestamp&quot;:&quot;0&quot;,&quot;copyright&quot;:&quot;&quot;,&quot;focal_length&quot;:&quot;0&quot;,&quot;iso&quot;:&quot;0&quot;,&quot;shutter_speed&quot;:&quot;0&quot;,&quot;title&quot;:&quot;&quot;,&quot;orientation&quot;:&quot;0&quot;}\" data-image-title=\"unnamed\" data-image-description=\"\" data-image-caption=\"\" data-large-file=\"https:\/\/i0.wp.com\/inadi.gob.hn\/sitio\/wp-content\/uploads\/2020\/09\/unnamed.jpg?fit=512%2C311&amp;ssl=1\" class=\"alignnone size-medium wp-image-1908\" src=\"https:\/\/i0.wp.com\/inadi.gob.hn\/sitio\/wp-content\/uploads\/2020\/09\/unnamed.jpg?resize=300%2C182&#038;ssl=1\" alt=\"\" width=\"300\" height=\"182\" srcset=\"https:\/\/i0.wp.com\/inadi.gob.hn\/sitio\/wp-content\/uploads\/2020\/09\/unnamed.jpg?resize=300%2C182&amp;ssl=1 300w, https:\/\/i0.wp.com\/inadi.gob.hn\/sitio\/wp-content\/uploads\/2020\/09\/unnamed.jpg?resize=400%2C243&amp;ssl=1 400w, https:\/\/i0.wp.com\/inadi.gob.hn\/sitio\/wp-content\/uploads\/2020\/09\/unnamed.jpg?w=512&amp;ssl=1 512w\" sizes=\"auto, (max-width: 300px) 100vw, 300px\" \/><\/p>\n<p style=\"text-align: justify;\">Algunas personas diab\u00e9ticas no tienen s\u00edntomas de enfermedad card\u00edaca. Otras, presentan algunos o todos ellos.<\/p>\n<p style=\"text-align: justify;\">El tratamiento incluye medicamentos para tratar el da\u00f1o al coraz\u00f3n o para disminuir el nivel de glucosa (az\u00facar), presi\u00f3n arterial y colesterol. Y si usted todav\u00eda no est\u00e1 tomando una baja dosis de aspirina, su doctor puede suger\u00edrselo. Usted tambi\u00e9n puede necesitar cirug\u00eda o alg\u00fan otro procedimiento quir\u00fargico. Un cambio en el estilo de vida puede ayudar. Estos pueden ser: una dieta balanceada, mantener un peso saludable, hacer ejercicio y dejar de fumar.<\/p>\n","protected":false},"excerpt":{"rendered":"<p>Si usted tiene diabetes o prediabetes, presenta un mayor riesgo de enfermedad card\u00edaca relacionada con esta. Las enfermedades card\u00edacas relacionadas con la diabetes pueden ser: enfermedad coronaria, insuficiencia card\u00edaca y cardiomiopat\u00eda diab\u00e9tica. La diabetes por s\u00ed misma lo pone en riesgo de enfermedad card\u00edaca. Otros factores de riesgo incluyen: **Historia familiar de enfermedades del coraz\u00f3n [&hellip;]<\/p>\n","protected":false},"author":3,"featured_media":1909,"parent":0,"menu_order":0,"comment_status":"closed","ping_status":"closed","template":"","meta":{"_bbp_topic_count":0,"_bbp_reply_count":0,"_bbp_total_topic_count":0,"_bbp_total_reply_count":0,"_bbp_voice_count":0,"_bbp_anonymous_reply_count":0,"_bbp_topic_count_hidden":0,"_bbp_reply_count_hidden":0,"_bbp_forum_subforum_count":0,"_monsterinsights_skip_tracking":false,"_monsterinsights_sitenote_active":false,"_monsterinsights_sitenote_note":"","_monsterinsights_sitenote_category":0,"jetpack_post_was_ever_published":false,"footnotes":""},"class_list":["post-1906","page","type-page","status-publish","has-post-thumbnail","hentry"],"aioseo_notices":[],"jetpack_sharing_enabled":true,"jetpack_shortlink":"https:\/\/wp.me\/P9ciV2-uK","jetpack_likes_enabled":true,"jetpack-related-posts":[{"id":172,"url":"https:\/\/inadi.gob.hn\/sitio\/capacitaciones\/","url_meta":{"origin":1906,"position":0},"title":"CAPACITACIONES","author":"admin","date":"30 mayo, 2017","format":false,"excerpt":"\u00a0 La DESINFORMACI\u00d3N es una de las principales causas de la #diabetes y otras enfermedades. Bajo lineamientos del Presidente Juan Orlando Hern\u00e1ndez y la Directora del Instituto, la Dra. Johana Bermudez , damos voz a nuestros pacientes para que expongan sus dudas acerca de la enfermedad y otras complicaciones para\u2026","rel":"","context":"Entrada similar","block_context":{"text":"Entrada similar","link":""},"img":{"alt_text":"","src":"https:\/\/i0.wp.com\/inadi.gob.hn\/sitio\/wp-content\/uploads\/2017\/05\/Imagen1-300x237.jpg?resize=350%2C200","width":350,"height":200},"classes":[]},{"id":369,"url":"https:\/\/inadi.gob.hn\/sitio\/que-es-la-diabetes\/","url_meta":{"origin":1906,"position":1},"title":"\u00bfQUE ES LA DIABETES?","author":"admin","date":"31 mayo, 2017","format":false,"excerpt":"\u00a0 \u00bfQu\u00e9 es la Diabetes? Es una enfermedad metab\u00f3lica cr\u00f3nica caracterizada por niveles elevados de glucosa en sangre, se asocia con deficiencia absoluta o relativa de la producci\u00f3n o acci\u00f3n de la insulina. S\u00cdNTOMAS DE LA DIABETES \u00a0Tipos de Diabetes \u00a0Hay varios tipos de diabetes: entre ellos los m\u00e1s comunes\u2026","rel":"","context":"Entrada similar","block_context":{"text":"Entrada similar","link":""},"img":{"alt_text":"","src":"https:\/\/i0.wp.com\/inadi.gob.hn\/sitio\/wp-content\/uploads\/2019\/11\/sintomas.jpeg?resize=350%2C200&ssl=1","width":350,"height":200,"srcset":"https:\/\/i0.wp.com\/inadi.gob.hn\/sitio\/wp-content\/uploads\/2019\/11\/sintomas.jpeg?resize=350%2C200&ssl=1 1x, https:\/\/i0.wp.com\/inadi.gob.hn\/sitio\/wp-content\/uploads\/2019\/11\/sintomas.jpeg?resize=525%2C300&ssl=1 1.5x"},"classes":[]},{"id":142,"url":"https:\/\/inadi.gob.hn\/sitio\/brigadas-medicas\/","url_meta":{"origin":1906,"position":2},"title":"BRIGADAS MEDICAS","author":"admin","date":"30 mayo, 2017","format":false,"excerpt":"Nuestra Directora, la Dra. Johana Bermudez y Regi\u00f3n De Salud Cop\u00e1n trabajando juntos por una #Honduras m\u00e1s saludable. Un esfuerzo liderado por el Presidente Juan Orlando Hern\u00e1ndez en su lucha para prevenir las enfermedades cr\u00f3nicas. [soliloquy id=\"154\"] \u00a0 Tomas de presi\u00f3n arterial en el Parque Central de #tegucigalpa , conmemorando\u2026","rel":"","context":"Entrada similar","block_context":{"text":"Entrada similar","link":""},"img":{"alt_text":"","src":"","width":0,"height":0},"classes":[]},{"id":130,"url":"https:\/\/inadi.gob.hn\/sitio\/cartera-de-servicios\/","url_meta":{"origin":1906,"position":3},"title":"CARTERA DE SERVICIOS","author":"admin","date":"29 mayo, 2017","format":false,"excerpt":"El Instituto Nacional del Diabetico, se ha convertido en una gran oportunidad para guardar la salud de los pacientes con Diabetes que demandan atenci\u00f3n m\u00e9dica especializada en esta rama, por tal raz\u00f3n, tanto nuestros usuarios como empleados debemos cuidarla y fortalecer para no defraudar el ideal para lo que fue\u2026","rel":"","context":"Entrada similar","block_context":{"text":"Entrada similar","link":""},"img":{"alt_text":"","src":"https:\/\/i0.wp.com\/inadi.gob.hn\/sitio\/wp-content\/uploads\/2023\/05\/soy-inadi-scaled.jpg?resize=350%2C200&ssl=1","width":350,"height":200,"srcset":"https:\/\/i0.wp.com\/inadi.gob.hn\/sitio\/wp-content\/uploads\/2023\/05\/soy-inadi-scaled.jpg?resize=350%2C200&ssl=1 1x, https:\/\/i0.wp.com\/inadi.gob.hn\/sitio\/wp-content\/uploads\/2023\/05\/soy-inadi-scaled.jpg?resize=525%2C300&ssl=1 1.5x, https:\/\/i0.wp.com\/inadi.gob.hn\/sitio\/wp-content\/uploads\/2023\/05\/soy-inadi-scaled.jpg?resize=700%2C400&ssl=1 2x, https:\/\/i0.wp.com\/inadi.gob.hn\/sitio\/wp-content\/uploads\/2023\/05\/soy-inadi-scaled.jpg?resize=1050%2C600&ssl=1 3x, https:\/\/i0.wp.com\/inadi.gob.hn\/sitio\/wp-content\/uploads\/2023\/05\/soy-inadi-scaled.jpg?resize=1400%2C800&ssl=1 4x"},"classes":[]},{"id":30,"url":"https:\/\/inadi.gob.hn\/sitio\/historia\/","url_meta":{"origin":1906,"position":4},"title":"HISTORIA","author":"admin","date":"26 mayo, 2017","format":false,"excerpt":"INSTITUTO NACIONAL DEL DIABETICO (INADI) \u00a0 Que el INADI fue creado mediante Decreto Legislativo No. 144-2013 de fecha 5 de octubre de 2013, como una entidad desconcentrada adscrita a la Secretaria de Estado en el Despacho de Salud, la cual funcionar\u00e1 con personalidad Jur\u00eddica y patrimonio propio, autonom\u00eda administrativa presupuestaria\u2026","rel":"","context":"Entrada similar","block_context":{"text":"Entrada similar","link":""},"img":{"alt_text":"","src":"https:\/\/i0.wp.com\/inadi.gob.hn\/sitio\/wp-content\/uploads\/2023\/05\/soy-inadi-scaled.jpg?resize=350%2C200&ssl=1","width":350,"height":200,"srcset":"https:\/\/i0.wp.com\/inadi.gob.hn\/sitio\/wp-content\/uploads\/2023\/05\/soy-inadi-scaled.jpg?resize=350%2C200&ssl=1 1x, https:\/\/i0.wp.com\/inadi.gob.hn\/sitio\/wp-content\/uploads\/2023\/05\/soy-inadi-scaled.jpg?resize=525%2C300&ssl=1 1.5x, https:\/\/i0.wp.com\/inadi.gob.hn\/sitio\/wp-content\/uploads\/2023\/05\/soy-inadi-scaled.jpg?resize=700%2C400&ssl=1 2x, https:\/\/i0.wp.com\/inadi.gob.hn\/sitio\/wp-content\/uploads\/2023\/05\/soy-inadi-scaled.jpg?resize=1050%2C600&ssl=1 3x, https:\/\/i0.wp.com\/inadi.gob.hn\/sitio\/wp-content\/uploads\/2023\/05\/soy-inadi-scaled.jpg?resize=1400%2C800&ssl=1 4x"},"classes":[]},{"id":120,"url":"https:\/\/inadi.gob.hn\/sitio\/director-instituto-nacional-del-diabetico\/","url_meta":{"origin":1906,"position":5},"title":"DIRECTOR INSTITUTO NACIONAL DEL DIABETICO","author":"admin","date":"29 mayo, 2017","format":false,"excerpt":"\u00a0 \"Nuestra misi\u00f3n es prevenir la diabetes y evitar la aparici\u00f3n de nuevos casos, al igual que brindar una atenci\u00f3n de calidad y calidez a nuestros pacientes, bajo lineamientos del Presidente Juan Orlando Hern\u00e1ndez que se preocupa por la salud del pueblo hondure\u00f1o. Queremos una Honduras m\u00e1s saludable, libre de\u2026","rel":"","context":"Entrada similar","block_context":{"text":"Entrada similar","link":""},"img":{"alt_text":"","src":"https:\/\/i0.wp.com\/inadi.gob.hn\/sitio\/wp-content\/uploads\/2023\/05\/soy-inadi-1024x192.jpg?resize=350%2C200&ssl=1","width":350,"height":200,"srcset":"https:\/\/i0.wp.com\/inadi.gob.hn\/sitio\/wp-content\/uploads\/2023\/05\/soy-inadi-1024x192.jpg?resize=350%2C200&ssl=1 1x, https:\/\/i0.wp.com\/inadi.gob.hn\/sitio\/wp-content\/uploads\/2023\/05\/soy-inadi-1024x192.jpg?resize=525%2C300&ssl=1 1.5x"},"classes":[]}],"_links":{"self":[{"href":"https:\/\/inadi.gob.hn\/sitio\/wp-json\/wp\/v2\/pages\/1906","targetHints":{"allow":["GET"]}}],"collection":[{"href":"https:\/\/inadi.gob.hn\/sitio\/wp-json\/wp\/v2\/pages"}],"about":[{"href":"https:\/\/inadi.gob.hn\/sitio\/wp-json\/wp\/v2\/types\/page"}],"author":[{"embeddable":true,"href":"https:\/\/inadi.gob.hn\/sitio\/wp-json\/wp\/v2\/users\/3"}],"replies":[{"embeddable":true,"href":"https:\/\/inadi.gob.hn\/sitio\/wp-json\/wp\/v2\/comments?post=1906"}],"version-history":[{"count":2,"href":"https:\/\/inadi.gob.hn\/sitio\/wp-json\/wp\/v2\/pages\/1906\/revisions"}],"predecessor-version":[{"id":1911,"href":"https:\/\/inadi.gob.hn\/sitio\/wp-json\/wp\/v2\/pages\/1906\/revisions\/1911"}],"wp:featuredmedia":[{"embeddable":true,"href":"https:\/\/inadi.gob.hn\/sitio\/wp-json\/wp\/v2\/media\/1909"}],"wp:attachment":[{"href":"https:\/\/inadi.gob.hn\/sitio\/wp-json\/wp\/v2\/media?parent=1906"}],"curies":[{"name":"wp","href":"https:\/\/api.w.org\/{rel}","templated":true}]}}