{"id":1938,"date":"2020-10-08T06:30:28","date_gmt":"2020-10-08T12:30:28","guid":{"rendered":"https:\/\/inadi.gob.hn\/sitio\/?page_id=1938"},"modified":"2020-10-08T06:34:14","modified_gmt":"2020-10-08T12:34:14","slug":"dia-mundial-de-la-vision-esperanza-a-la-vista","status":"publish","type":"page","link":"https:\/\/inadi.gob.hn\/sitio\/dia-mundial-de-la-vision-esperanza-a-la-vista\/","title":{"rendered":"D\u00eda Mundial de la Visi\u00f3n  \u00abEsperanza a la vista\u00bb"},"content":{"rendered":"<p><img data-recalc-dims=\"1\" loading=\"lazy\" decoding=\"async\" data-attachment-id=\"1939\" data-permalink=\"https:\/\/inadi.gob.hn\/sitio\/dia-mundial-de-la-vision-esperanza-a-la-vista\/esperanza-a-la-vista\/\" data-orig-file=\"https:\/\/i0.wp.com\/inadi.gob.hn\/sitio\/wp-content\/uploads\/2020\/10\/esperanza-a-la-vista.jpg?fit=2032%2C1890&amp;ssl=1\" data-orig-size=\"2032,1890\" data-comments-opened=\"1\" data-image-meta=\"{&quot;aperture&quot;:&quot;0&quot;,&quot;credit&quot;:&quot;Usuario&quot;,&quot;camera&quot;:&quot;&quot;,&quot;caption&quot;:&quot;&quot;,&quot;created_timestamp&quot;:&quot;1601910479&quot;,&quot;copyright&quot;:&quot;&quot;,&quot;focal_length&quot;:&quot;0&quot;,&quot;iso&quot;:&quot;0&quot;,&quot;shutter_speed&quot;:&quot;0&quot;,&quot;title&quot;:&quot;&quot;,&quot;orientation&quot;:&quot;0&quot;}\" data-image-title=\"esperanza-a-la-vista\" data-image-description=\"\" data-image-caption=\"\" data-medium-file=\"https:\/\/i0.wp.com\/inadi.gob.hn\/sitio\/wp-content\/uploads\/2020\/10\/esperanza-a-la-vista.jpg?fit=300%2C279&amp;ssl=1\" data-large-file=\"https:\/\/i0.wp.com\/inadi.gob.hn\/sitio\/wp-content\/uploads\/2020\/10\/esperanza-a-la-vista.jpg?fit=640%2C595&amp;ssl=1\" class=\"alignnone size-medium wp-image-1939 aligncenter\" src=\"https:\/\/i0.wp.com\/inadi.gob.hn\/sitio\/wp-content\/uploads\/2020\/10\/esperanza-a-la-vista.jpg?resize=300%2C279&#038;ssl=1\" alt=\"\" width=\"300\" height=\"279\" srcset=\"https:\/\/i0.wp.com\/inadi.gob.hn\/sitio\/wp-content\/uploads\/2020\/10\/esperanza-a-la-vista.jpg?resize=300%2C279&amp;ssl=1 300w, https:\/\/i0.wp.com\/inadi.gob.hn\/sitio\/wp-content\/uploads\/2020\/10\/esperanza-a-la-vista.jpg?resize=1024%2C952&amp;ssl=1 1024w, https:\/\/i0.wp.com\/inadi.gob.hn\/sitio\/wp-content\/uploads\/2020\/10\/esperanza-a-la-vista.jpg?resize=768%2C714&amp;ssl=1 768w, https:\/\/i0.wp.com\/inadi.gob.hn\/sitio\/wp-content\/uploads\/2020\/10\/esperanza-a-la-vista.jpg?resize=1536%2C1429&amp;ssl=1 1536w, https:\/\/i0.wp.com\/inadi.gob.hn\/sitio\/wp-content\/uploads\/2020\/10\/esperanza-a-la-vista.jpg?resize=1200%2C1116&amp;ssl=1 1200w, https:\/\/i0.wp.com\/inadi.gob.hn\/sitio\/wp-content\/uploads\/2020\/10\/esperanza-a-la-vista.jpg?resize=400%2C372&amp;ssl=1 400w, https:\/\/i0.wp.com\/inadi.gob.hn\/sitio\/wp-content\/uploads\/2020\/10\/esperanza-a-la-vista.jpg?w=2032&amp;ssl=1 2032w, https:\/\/i0.wp.com\/inadi.gob.hn\/sitio\/wp-content\/uploads\/2020\/10\/esperanza-a-la-vista.jpg?w=1280&amp;ssl=1 1280w, https:\/\/i0.wp.com\/inadi.gob.hn\/sitio\/wp-content\/uploads\/2020\/10\/esperanza-a-la-vista.jpg?w=1920&amp;ssl=1 1920w\" sizes=\"auto, (max-width: 300px) 100vw, 300px\" \/><\/p>\n<p style=\"text-align: justify;\">Cada segundo jueves del mes de octubre se conmemora el D\u00eda Mundial de la Visi\u00f3n. En 2020, este d\u00eda ha ca\u00eddo el 8 de octubre. Seg\u00fan datos de la OMS, 2.200 millones de personas tienen alg\u00fan tipo de discapacidad visual.<\/p>\n<p style=\"text-align: justify;\">Este d\u00eda se conmemora por iniciativa de la Organizaci\u00f3n Mundial de la Salud (OMS) y de la Agencia Internacional para la Prevenci\u00f3n de la Ceguera (IAPB, por sus siglas en ingl\u00e9s). Todo ello con el objetivo de crear conciencia social sobre la importancia de la salud ocular. Adem\u00e1s, tambi\u00e9n se busca garantizar un mejor acceso a servicios oftalmol\u00f3gicos de calidad. Este evento har\u00e1 especial hincapi\u00e9 en el derecho a ver.<\/p>\n<p style=\"text-align: justify;\"><img data-recalc-dims=\"1\" loading=\"lazy\" decoding=\"async\" data-attachment-id=\"1940\" data-permalink=\"https:\/\/inadi.gob.hn\/sitio\/dia-mundial-de-la-vision-esperanza-a-la-vista\/o_1602152556\/\" data-orig-file=\"https:\/\/i0.wp.com\/inadi.gob.hn\/sitio\/wp-content\/uploads\/2020\/10\/o_1602152556.jpg?fit=800%2C450&amp;ssl=1\" data-orig-size=\"800,450\" data-comments-opened=\"1\" data-image-meta=\"{&quot;aperture&quot;:&quot;0&quot;,&quot;credit&quot;:&quot;&quot;,&quot;camera&quot;:&quot;&quot;,&quot;caption&quot;:&quot;&quot;,&quot;created_timestamp&quot;:&quot;0&quot;,&quot;copyright&quot;:&quot;&quot;,&quot;focal_length&quot;:&quot;0&quot;,&quot;iso&quot;:&quot;0&quot;,&quot;shutter_speed&quot;:&quot;0&quot;,&quot;title&quot;:&quot;&quot;,&quot;orientation&quot;:&quot;0&quot;}\" data-image-title=\"o_1602152556\" data-image-description=\"\" data-image-caption=\"\" data-medium-file=\"https:\/\/i0.wp.com\/inadi.gob.hn\/sitio\/wp-content\/uploads\/2020\/10\/o_1602152556.jpg?fit=300%2C169&amp;ssl=1\" data-large-file=\"https:\/\/i0.wp.com\/inadi.gob.hn\/sitio\/wp-content\/uploads\/2020\/10\/o_1602152556.jpg?fit=640%2C360&amp;ssl=1\" class=\"alignnone size-medium wp-image-1940\" src=\"https:\/\/i0.wp.com\/inadi.gob.hn\/sitio\/wp-content\/uploads\/2020\/10\/o_1602152556.jpg?resize=300%2C169&#038;ssl=1\" alt=\"\" width=\"300\" height=\"169\" srcset=\"https:\/\/i0.wp.com\/inadi.gob.hn\/sitio\/wp-content\/uploads\/2020\/10\/o_1602152556.jpg?resize=300%2C169&amp;ssl=1 300w, https:\/\/i0.wp.com\/inadi.gob.hn\/sitio\/wp-content\/uploads\/2020\/10\/o_1602152556.jpg?resize=768%2C432&amp;ssl=1 768w, https:\/\/i0.wp.com\/inadi.gob.hn\/sitio\/wp-content\/uploads\/2020\/10\/o_1602152556.jpg?resize=400%2C225&amp;ssl=1 400w, https:\/\/i0.wp.com\/inadi.gob.hn\/sitio\/wp-content\/uploads\/2020\/10\/o_1602152556.jpg?w=800&amp;ssl=1 800w\" sizes=\"auto, (max-width: 300px) 100vw, 300px\" \/><\/p>\n<p style=\"text-align: justify;\">Este a\u00f1o, el D\u00eda Mundial de la Visi\u00f3n; utilizar\u00e1 el lema \u201cEsperanza a la Vista\u201d y el hashtag #HopeInSight para comunicar el mensaje, har\u00e1 especial hincapi\u00e9 en el derecho a ver. La celebraci\u00f3n anual del D\u00eda Mundial de la Vista brinda la oportunidad de aumentar el grado de sensibilizaci\u00f3n y compromiso a fin de garantizar a todos el derecho a ver.<\/p>\n<p style=\"text-align: justify;\">A nivel mundial, m\u00e1s de 2.200 millones de personas tienen alg\u00fan tipo de discapacidad visual o ceguera. Del total, 1.000 millones podr\u00edan haberse evitado o no han sido tratadas todav\u00eda, seg\u00fan la Organizaci\u00f3n Mundial de la Salud. En Espa\u00f1a, existen cerca de un mill\u00f3n de personas con discapacidad visual baja visi\u00f3n y\/o ceguera seg\u00fan el Instituto Nacional de Estad\u00edstica (INE).<img data-recalc-dims=\"1\" loading=\"lazy\" decoding=\"async\" data-attachment-id=\"1941\" data-permalink=\"https:\/\/inadi.gob.hn\/sitio\/dia-mundial-de-la-vision-esperanza-a-la-vista\/images-26\/\" data-orig-file=\"https:\/\/i0.wp.com\/inadi.gob.hn\/sitio\/wp-content\/uploads\/2020\/10\/images-2.jpg?fit=259%2C194&amp;ssl=1\" data-orig-size=\"259,194\" data-comments-opened=\"1\" data-image-meta=\"{&quot;aperture&quot;:&quot;0&quot;,&quot;credit&quot;:&quot;&quot;,&quot;camera&quot;:&quot;&quot;,&quot;caption&quot;:&quot;&quot;,&quot;created_timestamp&quot;:&quot;0&quot;,&quot;copyright&quot;:&quot;&quot;,&quot;focal_length&quot;:&quot;0&quot;,&quot;iso&quot;:&quot;0&quot;,&quot;shutter_speed&quot;:&quot;0&quot;,&quot;title&quot;:&quot;&quot;,&quot;orientation&quot;:&quot;0&quot;}\" data-image-title=\"images\" data-image-description=\"\" data-image-caption=\"\" data-medium-file=\"https:\/\/i0.wp.com\/inadi.gob.hn\/sitio\/wp-content\/uploads\/2020\/10\/images-2.jpg?fit=259%2C194&amp;ssl=1\" data-large-file=\"https:\/\/i0.wp.com\/inadi.gob.hn\/sitio\/wp-content\/uploads\/2020\/10\/images-2.jpg?fit=259%2C194&amp;ssl=1\" class=\"size-full wp-image-1941 alignright\" src=\"https:\/\/i0.wp.com\/inadi.gob.hn\/sitio\/wp-content\/uploads\/2020\/10\/images-2.jpg?resize=259%2C194&#038;ssl=1\" alt=\"\" width=\"259\" height=\"194\" \/><\/p>\n<p style=\"text-align: left;\">Seg\u00fan datos de la OMS, cada cinco segundos, una persona se queda ciega en el mundo. Cada minuto, un ni\u00f1o se queda ciego. Se calcula que cada a\u00f1o se quedan ciegas m\u00e1s de siete millones de personas.<\/p>\n<p style=\"text-align: justify;\">La prevenci\u00f3n y el tratamiento para la p\u00e9rdida de la visi\u00f3n se encuentran entre los procedimientos de salud m\u00e1s efectivos y con mejores resultados. Estos procedimientos por ejemplo pueden ser: cirug\u00edas o tratamientos con l\u00e1ser, medicamentos orales, la prescripci\u00f3n de lentes o una combinaci\u00f3n de cualquiera de estas opciones, entre otros. Por eso es fundamental consultar peri\u00f3dicamente al m\u00e9dico oftalm\u00f3logo para poder detectar los eventuales problemas a tiempo.<\/p>\n","protected":false},"excerpt":{"rendered":"<p>Cada segundo jueves del mes de octubre se conmemora el D\u00eda Mundial de la Visi\u00f3n. En 2020, este d\u00eda ha ca\u00eddo el 8 de octubre. Seg\u00fan datos de la OMS, 2.200 millones de personas tienen alg\u00fan tipo de discapacidad visual. Este d\u00eda se conmemora por iniciativa de la Organizaci\u00f3n Mundial de la Salud (OMS) y [&hellip;]<\/p>\n","protected":false},"author":3,"featured_media":1942,"parent":0,"menu_order":0,"comment_status":"closed","ping_status":"closed","template":"","meta":{"_bbp_topic_count":0,"_bbp_reply_count":0,"_bbp_total_topic_count":0,"_bbp_total_reply_count":0,"_bbp_voice_count":0,"_bbp_anonymous_reply_count":0,"_bbp_topic_count_hidden":0,"_bbp_reply_count_hidden":0,"_bbp_forum_subforum_count":0,"_monsterinsights_skip_tracking":false,"_monsterinsights_sitenote_active":false,"_monsterinsights_sitenote_note":"","_monsterinsights_sitenote_category":0,"jetpack_post_was_ever_published":false,"footnotes":""},"class_list":["post-1938","page","type-page","status-publish","has-post-thumbnail","hentry"],"aioseo_notices":[],"jetpack_sharing_enabled":true,"jetpack_shortlink":"https:\/\/wp.me\/P9ciV2-vg","jetpack_likes_enabled":true,"jetpack-related-posts":[{"id":1921,"url":"https:\/\/inadi.gob.hn\/sitio\/octubre-mes-de-sensibilizacion-sobre-el-cancer-de-mama\/","url_meta":{"origin":1938,"position":0},"title":"Octubre: Mes de Sensibilizaci\u00f3n sobre el C\u00e1ncer de Mama","author":"Sendy Avila","date":"1 octubre, 2020","format":false,"excerpt":"El Mes de Sensibilizaci\u00f3n sobre el C\u00e1ncer de Mama, que se celebra en todo el mundo cada mes de octubre, contribuye a aumentar la atenci\u00f3n y el apoyo prestados a la sensibilizaci\u00f3n, la detecci\u00f3n precoz, el tratamiento y los cuidados paliativos. Cada a\u00f1o se producen 1,38 millones de nuevos casos\u2026","rel":"","context":"Entrada similar","block_context":{"text":"Entrada similar","link":""},"img":{"alt_text":"","src":"https:\/\/i0.wp.com\/inadi.gob.hn\/sitio\/wp-content\/uploads\/2020\/10\/Banner-22.1-300x167.jpg?resize=350%2C200&ssl=1","width":350,"height":200},"classes":[]},{"id":142,"url":"https:\/\/inadi.gob.hn\/sitio\/brigadas-medicas\/","url_meta":{"origin":1938,"position":1},"title":"BRIGADAS MEDICAS","author":"admin","date":"30 mayo, 2017","format":false,"excerpt":"Nuestra Directora, la Dra. Johana Bermudez y Regi\u00f3n De Salud Cop\u00e1n trabajando juntos por una #Honduras m\u00e1s saludable. Un esfuerzo liderado por el Presidente Juan Orlando Hern\u00e1ndez en su lucha para prevenir las enfermedades cr\u00f3nicas. [soliloquy id=\"154\"] \u00a0 Tomas de presi\u00f3n arterial en el Parque Central de #tegucigalpa , conmemorando\u2026","rel":"","context":"Entrada similar","block_context":{"text":"Entrada similar","link":""},"img":{"alt_text":"","src":"","width":0,"height":0},"classes":[]},{"id":30,"url":"https:\/\/inadi.gob.hn\/sitio\/historia\/","url_meta":{"origin":1938,"position":2},"title":"HISTORIA","author":"admin","date":"26 mayo, 2017","format":false,"excerpt":"INSTITUTO NACIONAL DEL DIABETICO (INADI) \u00a0 Que el INADI fue creado mediante Decreto Legislativo No. 144-2013 de fecha 5 de octubre de 2013, como una entidad desconcentrada adscrita a la Secretaria de Estado en el Despacho de Salud, la cual funcionar\u00e1 con personalidad Jur\u00eddica y patrimonio propio, autonom\u00eda administrativa presupuestaria\u2026","rel":"","context":"Entrada similar","block_context":{"text":"Entrada similar","link":""},"img":{"alt_text":"","src":"https:\/\/i0.wp.com\/inadi.gob.hn\/sitio\/wp-content\/uploads\/2023\/05\/soy-inadi-scaled.jpg?resize=350%2C200&ssl=1","width":350,"height":200,"srcset":"https:\/\/i0.wp.com\/inadi.gob.hn\/sitio\/wp-content\/uploads\/2023\/05\/soy-inadi-scaled.jpg?resize=350%2C200&ssl=1 1x, https:\/\/i0.wp.com\/inadi.gob.hn\/sitio\/wp-content\/uploads\/2023\/05\/soy-inadi-scaled.jpg?resize=525%2C300&ssl=1 1.5x, https:\/\/i0.wp.com\/inadi.gob.hn\/sitio\/wp-content\/uploads\/2023\/05\/soy-inadi-scaled.jpg?resize=700%2C400&ssl=1 2x, https:\/\/i0.wp.com\/inadi.gob.hn\/sitio\/wp-content\/uploads\/2023\/05\/soy-inadi-scaled.jpg?resize=1050%2C600&ssl=1 3x, https:\/\/i0.wp.com\/inadi.gob.hn\/sitio\/wp-content\/uploads\/2023\/05\/soy-inadi-scaled.jpg?resize=1400%2C800&ssl=1 4x"},"classes":[]},{"id":362,"url":"https:\/\/inadi.gob.hn\/sitio\/guia-para-pacientes\/","url_meta":{"origin":1938,"position":3},"title":"GU\u00cdA PARA PACIENTES","author":"admin","date":"31 mayo, 2017","format":false,"excerpt":"\u00a0 Preguntas Frecuentes A continuaci\u00f3n respondemos algunas de las preguntas m\u00e1s comunes realizadas por nuestros pacientes \u00a0 1. Un familiar tiene Diabetes y quiero llevarla a consulta al instituto, \u00bfQu\u00e9 debo hacer? Su familiar debe traer al instituto una referencia medica donde confirme que padece diabetes y tiene que solicitar\u2026","rel":"","context":"Entrada similar","block_context":{"text":"Entrada similar","link":""},"img":{"alt_text":"","src":"https:\/\/i0.wp.com\/inadi.gob.hn\/sitio\/wp-content\/uploads\/2023\/05\/soy-inadi-scaled.jpg?resize=350%2C200&ssl=1","width":350,"height":200,"srcset":"https:\/\/i0.wp.com\/inadi.gob.hn\/sitio\/wp-content\/uploads\/2023\/05\/soy-inadi-scaled.jpg?resize=350%2C200&ssl=1 1x, https:\/\/i0.wp.com\/inadi.gob.hn\/sitio\/wp-content\/uploads\/2023\/05\/soy-inadi-scaled.jpg?resize=525%2C300&ssl=1 1.5x, https:\/\/i0.wp.com\/inadi.gob.hn\/sitio\/wp-content\/uploads\/2023\/05\/soy-inadi-scaled.jpg?resize=700%2C400&ssl=1 2x, https:\/\/i0.wp.com\/inadi.gob.hn\/sitio\/wp-content\/uploads\/2023\/05\/soy-inadi-scaled.jpg?resize=1050%2C600&ssl=1 3x, https:\/\/i0.wp.com\/inadi.gob.hn\/sitio\/wp-content\/uploads\/2023\/05\/soy-inadi-scaled.jpg?resize=1400%2C800&ssl=1 4x"},"classes":[]},{"id":743,"url":"https:\/\/inadi.gob.hn\/sitio\/que-pueden-comer-los-diabeticos-para-cuidar-su-salud\/","url_meta":{"origin":1938,"position":4},"title":"\u00bfQu\u00e9 Pueden Comer Los Diab\u00e9ticos Para Cuidar Su Salud?","author":"Sendy Avila","date":"18 mayo, 2023","format":false,"excerpt":"Cuando se es diagnosticado con diabetes, ya sea tipo 1 \u00f3 2, la pregunta com\u00fan que surge es \u00bfqu\u00e9 pueden comer los diab\u00e9ticos? Pues si este es tu caso y quieres saber qu\u00e9 puedes comer, aqu\u00ed encontrar\u00e1s la lista de los alimentos que est\u00e1n permitidos y tambi\u00e9n aprender\u00e1s un poco\u2026","rel":"","context":"Entrada similar","block_context":{"text":"Entrada similar","link":""},"img":{"alt_text":"","src":"https:\/\/i0.wp.com\/inadi.gob.hn\/sitio\/wp-content\/uploads\/2017\/07\/plato-inteligente.azul_.-e1502905064177.jpg?fit=375%2C250&ssl=1&resize=350%2C200","width":350,"height":200},"classes":[]},{"id":130,"url":"https:\/\/inadi.gob.hn\/sitio\/cartera-de-servicios\/","url_meta":{"origin":1938,"position":5},"title":"CARTERA DE SERVICIOS","author":"admin","date":"29 mayo, 2017","format":false,"excerpt":"El Instituto Nacional del Diabetico, se ha convertido en una gran oportunidad para guardar la salud de los pacientes con Diabetes que demandan atenci\u00f3n m\u00e9dica especializada en esta rama, por tal raz\u00f3n, tanto nuestros usuarios como empleados debemos cuidarla y fortalecer para no defraudar el ideal para lo que fue\u2026","rel":"","context":"Entrada similar","block_context":{"text":"Entrada similar","link":""},"img":{"alt_text":"","src":"https:\/\/i0.wp.com\/inadi.gob.hn\/sitio\/wp-content\/uploads\/2023\/05\/soy-inadi-scaled.jpg?resize=350%2C200&ssl=1","width":350,"height":200,"srcset":"https:\/\/i0.wp.com\/inadi.gob.hn\/sitio\/wp-content\/uploads\/2023\/05\/soy-inadi-scaled.jpg?resize=350%2C200&ssl=1 1x, https:\/\/i0.wp.com\/inadi.gob.hn\/sitio\/wp-content\/uploads\/2023\/05\/soy-inadi-scaled.jpg?resize=525%2C300&ssl=1 1.5x, https:\/\/i0.wp.com\/inadi.gob.hn\/sitio\/wp-content\/uploads\/2023\/05\/soy-inadi-scaled.jpg?resize=700%2C400&ssl=1 2x, https:\/\/i0.wp.com\/inadi.gob.hn\/sitio\/wp-content\/uploads\/2023\/05\/soy-inadi-scaled.jpg?resize=1050%2C600&ssl=1 3x, https:\/\/i0.wp.com\/inadi.gob.hn\/sitio\/wp-content\/uploads\/2023\/05\/soy-inadi-scaled.jpg?resize=1400%2C800&ssl=1 4x"},"classes":[]}],"_links":{"self":[{"href":"https:\/\/inadi.gob.hn\/sitio\/wp-json\/wp\/v2\/pages\/1938","targetHints":{"allow":["GET"]}}],"collection":[{"href":"https:\/\/inadi.gob.hn\/sitio\/wp-json\/wp\/v2\/pages"}],"about":[{"href":"https:\/\/inadi.gob.hn\/sitio\/wp-json\/wp\/v2\/types\/page"}],"author":[{"embeddable":true,"href":"https:\/\/inadi.gob.hn\/sitio\/wp-json\/wp\/v2\/users\/3"}],"replies":[{"embeddable":true,"href":"https:\/\/inadi.gob.hn\/sitio\/wp-json\/wp\/v2\/comments?post=1938"}],"version-history":[{"count":1,"href":"https:\/\/inadi.gob.hn\/sitio\/wp-json\/wp\/v2\/pages\/1938\/revisions"}],"predecessor-version":[{"id":1943,"href":"https:\/\/inadi.gob.hn\/sitio\/wp-json\/wp\/v2\/pages\/1938\/revisions\/1943"}],"wp:featuredmedia":[{"embeddable":true,"href":"https:\/\/inadi.gob.hn\/sitio\/wp-json\/wp\/v2\/media\/1942"}],"wp:attachment":[{"href":"https:\/\/inadi.gob.hn\/sitio\/wp-json\/wp\/v2\/media?parent=1938"}],"curies":[{"name":"wp","href":"https:\/\/api.w.org\/{rel}","templated":true}]}}