{"id":30,"date":"2017-05-26T02:47:25","date_gmt":"2017-05-26T02:47:25","guid":{"rendered":"http:\/\/inadi.gob.hn\/sitio\/?page_id=30"},"modified":"2023-05-20T17:43:52","modified_gmt":"2023-05-20T23:43:52","slug":"historia","status":"publish","type":"page","link":"https:\/\/inadi.gob.hn\/sitio\/historia\/","title":{"rendered":"HISTORIA"},"content":{"rendered":"<h1 class=\"row header smaller lighter blue bolder\" style=\"text-align: center;\"><\/h1>\n<table class=\" aligncenter\" style=\"width: 430px; height: 29px;\">\n<tbody>\n<tr>\n<td style=\"width: 1051px; text-align: center;\"><span style=\"font-size: 18pt; color: #db473c;\"><strong>INSTITUTO NACIONAL DEL DIABETICO (INADI)<\/strong><\/span><\/td>\n<\/tr>\n<\/tbody>\n<\/table>\n<h1 class=\"row header smaller lighter blue bolder\" style=\"text-align: center;\"><\/h1>\n<table class=\" aligncenter\" style=\"width: 585px;\">\n<tbody>\n<tr>\n<td style=\"width: 581px;\">&nbsp;<\/p>\n<p style=\"text-align: justify;\"><span style=\"font-size: 14pt;\">Que el INADI fue creado mediante Decreto Legislativo No. 144-2013 de fecha 5 de octubre de 2013, como una entidad desconcentrada adscrita a la Secretaria de Estado en el Despacho de Salud, la cual funcionar\u00e1 con personalidad Jur\u00eddica y patrimonio propio, autonom\u00eda administrativa presupuestaria y financiera, y con domicilio en la Ciudad Capital de la Rep\u00fablica, pudiendo para en cumplimiento de sus fines, establecer unidades operativas en todo el territorio nacional.<\/span><\/p>\n<p style=\"text-align: justify;\"><span style=\"font-size: 14pt;\">Es entidad desconcentrada adscrita a la Secretar\u00eda de Estado en el Despacho de Salud, la cual funcionar\u00e1 con personalidad jur\u00eddica y patrimonio propio, autonom\u00eda administrativa, presupuestaria y financiera. En su funcionamiento el Instituto Nacional del Diabetico (INADI), ser r\u00edgido por las disposiciones del C\u00f3digo de Salud, de esta Ley y su reglamentaci\u00f3n y por otras leyes aplicables. Las disposiciones de esta Ley, son de orden p\u00fablico y de inter\u00e9s social. El Instituto tiene su domicilio en la capital de la Rep\u00fablica, pudiendo para el cumplimiento de sus fines, establecer unidades operativas en todo el territorio nacional.<\/span><\/p>\n<p style=\"text-align: justify;\"><span style=\"font-size: 14pt;\">Con el objetivo principal de llevar a cabo actividades integrales de investigaci\u00f3n, prevenci\u00f3n, promoci\u00f3n, diagn\u00f3stico y tratamiento de las enfermedades de la diabetes.<\/span><\/p>\n<\/td>\n<\/tr>\n<tr>\n<td style=\"width: 581px;\">\n<p style=\"text-align: justify;\"><span style=\"font-size: 14pt;\"><img data-recalc-dims=\"1\" loading=\"lazy\" decoding=\"async\" data-attachment-id=\"2705\" data-permalink=\"https:\/\/inadi.gob.hn\/sitio\/cartera-de-servicios\/soy-inadi-2\/\" data-orig-file=\"https:\/\/i0.wp.com\/inadi.gob.hn\/sitio\/wp-content\/uploads\/2023\/05\/soy-inadi-scaled.jpg?fit=2560%2C480&amp;ssl=1\" data-orig-size=\"2560,480\" data-comments-opened=\"1\" data-image-meta=\"{&quot;aperture&quot;:&quot;0&quot;,&quot;credit&quot;:&quot;Lacayo Bermudez&quot;,&quot;camera&quot;:&quot;&quot;,&quot;caption&quot;:&quot;&quot;,&quot;created_timestamp&quot;:&quot;1684419023&quot;,&quot;copyright&quot;:&quot;&quot;,&quot;focal_length&quot;:&quot;0&quot;,&quot;iso&quot;:&quot;0&quot;,&quot;shutter_speed&quot;:&quot;0&quot;,&quot;title&quot;:&quot;&quot;,&quot;orientation&quot;:&quot;0&quot;}\" data-image-title=\"soy inadi\" data-image-description=\"\" data-image-caption=\"\" data-large-file=\"https:\/\/i0.wp.com\/inadi.gob.hn\/sitio\/wp-content\/uploads\/2023\/05\/soy-inadi-scaled.jpg?fit=640%2C120&amp;ssl=1\" class=\"alignnone size-full wp-image-2705\" src=\"https:\/\/i0.wp.com\/inadi.gob.hn\/sitio\/wp-content\/uploads\/2023\/05\/soy-inadi-scaled.jpg?resize=640%2C120&#038;ssl=1\" alt=\"\" width=\"640\" height=\"120\" srcset=\"https:\/\/i0.wp.com\/inadi.gob.hn\/sitio\/wp-content\/uploads\/2023\/05\/soy-inadi-scaled.jpg?w=2560&amp;ssl=1 2560w, https:\/\/i0.wp.com\/inadi.gob.hn\/sitio\/wp-content\/uploads\/2023\/05\/soy-inadi-scaled.jpg?resize=300%2C56&amp;ssl=1 300w, https:\/\/i0.wp.com\/inadi.gob.hn\/sitio\/wp-content\/uploads\/2023\/05\/soy-inadi-scaled.jpg?resize=1024%2C192&amp;ssl=1 1024w, https:\/\/i0.wp.com\/inadi.gob.hn\/sitio\/wp-content\/uploads\/2023\/05\/soy-inadi-scaled.jpg?resize=768%2C144&amp;ssl=1 768w, https:\/\/i0.wp.com\/inadi.gob.hn\/sitio\/wp-content\/uploads\/2023\/05\/soy-inadi-scaled.jpg?resize=1536%2C288&amp;ssl=1 1536w, https:\/\/i0.wp.com\/inadi.gob.hn\/sitio\/wp-content\/uploads\/2023\/05\/soy-inadi-scaled.jpg?resize=2048%2C384&amp;ssl=1 2048w, https:\/\/i0.wp.com\/inadi.gob.hn\/sitio\/wp-content\/uploads\/2023\/05\/soy-inadi-scaled.jpg?resize=400%2C75&amp;ssl=1 400w, https:\/\/i0.wp.com\/inadi.gob.hn\/sitio\/wp-content\/uploads\/2023\/05\/soy-inadi-scaled.jpg?w=1280&amp;ssl=1 1280w, https:\/\/i0.wp.com\/inadi.gob.hn\/sitio\/wp-content\/uploads\/2023\/05\/soy-inadi-scaled.jpg?w=1920&amp;ssl=1 1920w\" sizes=\"auto, (max-width: 640px) 100vw, 640px\" \/><\/span><\/p>\n<\/td>\n<\/tr>\n<\/tbody>\n<\/table>\n<p>&nbsp;<\/p>\n","protected":false},"excerpt":{"rendered":"<p>INSTITUTO NACIONAL DEL DIABETICO (INADI) &nbsp; Que el INADI fue creado mediante Decreto Legislativo No. 144-2013 de fecha 5 de octubre de 2013, como una entidad desconcentrada adscrita a la Secretaria de Estado en el Despacho de Salud, la cual funcionar\u00e1 con personalidad Jur\u00eddica y patrimonio propio, autonom\u00eda administrativa presupuestaria y financiera, y con domicilio [&hellip;]<\/p>\n","protected":false},"author":1,"featured_media":0,"parent":0,"menu_order":0,"comment_status":"closed","ping_status":"closed","template":"","meta":{"_bbp_topic_count":0,"_bbp_reply_count":0,"_bbp_total_topic_count":0,"_bbp_total_reply_count":0,"_bbp_voice_count":0,"_bbp_anonymous_reply_count":0,"_bbp_topic_count_hidden":0,"_bbp_reply_count_hidden":0,"_bbp_forum_subforum_count":0,"_monsterinsights_skip_tracking":false,"_monsterinsights_sitenote_active":false,"_monsterinsights_sitenote_note":"","_monsterinsights_sitenote_category":0,"jetpack_post_was_ever_published":false,"footnotes":""},"class_list":["post-30","page","type-page","status-publish","hentry"],"aioseo_notices":[],"jetpack_sharing_enabled":true,"jetpack_shortlink":"https:\/\/wp.me\/P9ciV2-u","jetpack_likes_enabled":true,"jetpack-related-posts":[{"id":142,"url":"https:\/\/inadi.gob.hn\/sitio\/brigadas-medicas\/","url_meta":{"origin":30,"position":0},"title":"BRIGADAS MEDICAS","author":"admin","date":"30 mayo, 2017","format":false,"excerpt":"Nuestra Directora, la Dra. Johana Bermudez y Regi\u00f3n De Salud Cop\u00e1n trabajando juntos por una #Honduras m\u00e1s saludable. Un esfuerzo liderado por el Presidente Juan Orlando Hern\u00e1ndez en su lucha para prevenir las enfermedades cr\u00f3nicas. [soliloquy id=\"154\"] \u00a0 Tomas de presi\u00f3n arterial en el Parque Central de #tegucigalpa , conmemorando\u2026","rel":"","context":"Entrada similar","block_context":{"text":"Entrada similar","link":""},"img":{"alt_text":"","src":"","width":0,"height":0},"classes":[]},{"id":362,"url":"https:\/\/inadi.gob.hn\/sitio\/guia-para-pacientes\/","url_meta":{"origin":30,"position":1},"title":"GU\u00cdA PARA PACIENTES","author":"admin","date":"31 mayo, 2017","format":false,"excerpt":"\u00a0 Preguntas Frecuentes A continuaci\u00f3n respondemos algunas de las preguntas m\u00e1s comunes realizadas por nuestros pacientes \u00a0 1. Un familiar tiene Diabetes y quiero llevarla a consulta al instituto, \u00bfQu\u00e9 debo hacer? Su familiar debe traer al instituto una referencia medica donde confirme que padece diabetes y tiene que solicitar\u2026","rel":"","context":"Entrada similar","block_context":{"text":"Entrada similar","link":""},"img":{"alt_text":"","src":"https:\/\/i0.wp.com\/inadi.gob.hn\/sitio\/wp-content\/uploads\/2023\/05\/soy-inadi-scaled.jpg?resize=350%2C200&ssl=1","width":350,"height":200,"srcset":"https:\/\/i0.wp.com\/inadi.gob.hn\/sitio\/wp-content\/uploads\/2023\/05\/soy-inadi-scaled.jpg?resize=350%2C200&ssl=1 1x, https:\/\/i0.wp.com\/inadi.gob.hn\/sitio\/wp-content\/uploads\/2023\/05\/soy-inadi-scaled.jpg?resize=525%2C300&ssl=1 1.5x, https:\/\/i0.wp.com\/inadi.gob.hn\/sitio\/wp-content\/uploads\/2023\/05\/soy-inadi-scaled.jpg?resize=700%2C400&ssl=1 2x, https:\/\/i0.wp.com\/inadi.gob.hn\/sitio\/wp-content\/uploads\/2023\/05\/soy-inadi-scaled.jpg?resize=1050%2C600&ssl=1 3x, https:\/\/i0.wp.com\/inadi.gob.hn\/sitio\/wp-content\/uploads\/2023\/05\/soy-inadi-scaled.jpg?resize=1400%2C800&ssl=1 4x"},"classes":[]},{"id":130,"url":"https:\/\/inadi.gob.hn\/sitio\/cartera-de-servicios\/","url_meta":{"origin":30,"position":2},"title":"CARTERA DE SERVICIOS","author":"admin","date":"29 mayo, 2017","format":false,"excerpt":"El Instituto Nacional del Diabetico, se ha convertido en una gran oportunidad para guardar la salud de los pacientes con Diabetes que demandan atenci\u00f3n m\u00e9dica especializada en esta rama, por tal raz\u00f3n, tanto nuestros usuarios como empleados debemos cuidarla y fortalecer para no defraudar el ideal para lo que fue\u2026","rel":"","context":"Entrada similar","block_context":{"text":"Entrada similar","link":""},"img":{"alt_text":"","src":"https:\/\/i0.wp.com\/inadi.gob.hn\/sitio\/wp-content\/uploads\/2023\/05\/soy-inadi-scaled.jpg?resize=350%2C200&ssl=1","width":350,"height":200,"srcset":"https:\/\/i0.wp.com\/inadi.gob.hn\/sitio\/wp-content\/uploads\/2023\/05\/soy-inadi-scaled.jpg?resize=350%2C200&ssl=1 1x, https:\/\/i0.wp.com\/inadi.gob.hn\/sitio\/wp-content\/uploads\/2023\/05\/soy-inadi-scaled.jpg?resize=525%2C300&ssl=1 1.5x, https:\/\/i0.wp.com\/inadi.gob.hn\/sitio\/wp-content\/uploads\/2023\/05\/soy-inadi-scaled.jpg?resize=700%2C400&ssl=1 2x, https:\/\/i0.wp.com\/inadi.gob.hn\/sitio\/wp-content\/uploads\/2023\/05\/soy-inadi-scaled.jpg?resize=1050%2C600&ssl=1 3x, https:\/\/i0.wp.com\/inadi.gob.hn\/sitio\/wp-content\/uploads\/2023\/05\/soy-inadi-scaled.jpg?resize=1400%2C800&ssl=1 4x"},"classes":[]},{"id":1938,"url":"https:\/\/inadi.gob.hn\/sitio\/dia-mundial-de-la-vision-esperanza-a-la-vista\/","url_meta":{"origin":30,"position":3},"title":"D\u00eda Mundial de la Visi\u00f3n  \u00abEsperanza a la vista\u00bb","author":"Sendy Avila","date":"8 octubre, 2020","format":false,"excerpt":"Cada segundo jueves del mes de octubre se conmemora el D\u00eda Mundial de la Visi\u00f3n. En 2020, este d\u00eda ha ca\u00eddo el 8 de octubre. Seg\u00fan datos de la OMS, 2.200 millones de personas tienen alg\u00fan tipo de discapacidad visual. Este d\u00eda se conmemora por iniciativa de la Organizaci\u00f3n Mundial\u2026","rel":"","context":"Entrada similar","block_context":{"text":"Entrada similar","link":""},"img":{"alt_text":"","src":"https:\/\/i0.wp.com\/inadi.gob.hn\/sitio\/wp-content\/uploads\/2020\/10\/esperanza-a-la-vista-300x279.jpg?resize=350%2C200&ssl=1","width":350,"height":200},"classes":[]},{"id":120,"url":"https:\/\/inadi.gob.hn\/sitio\/director-instituto-nacional-del-diabetico\/","url_meta":{"origin":30,"position":4},"title":"DIRECTOR INSTITUTO NACIONAL DEL DIABETICO","author":"admin","date":"29 mayo, 2017","format":false,"excerpt":"\u00a0 \"Nuestra misi\u00f3n es prevenir la diabetes y evitar la aparici\u00f3n de nuevos casos, al igual que brindar una atenci\u00f3n de calidad y calidez a nuestros pacientes, bajo lineamientos del Presidente Juan Orlando Hern\u00e1ndez que se preocupa por la salud del pueblo hondure\u00f1o. Queremos una Honduras m\u00e1s saludable, libre de\u2026","rel":"","context":"Entrada similar","block_context":{"text":"Entrada similar","link":""},"img":{"alt_text":"","src":"https:\/\/i0.wp.com\/inadi.gob.hn\/sitio\/wp-content\/uploads\/2023\/05\/soy-inadi-1024x192.jpg?resize=350%2C200&ssl=1","width":350,"height":200,"srcset":"https:\/\/i0.wp.com\/inadi.gob.hn\/sitio\/wp-content\/uploads\/2023\/05\/soy-inadi-1024x192.jpg?resize=350%2C200&ssl=1 1x, https:\/\/i0.wp.com\/inadi.gob.hn\/sitio\/wp-content\/uploads\/2023\/05\/soy-inadi-1024x192.jpg?resize=525%2C300&ssl=1 1.5x"},"classes":[]},{"id":369,"url":"https:\/\/inadi.gob.hn\/sitio\/que-es-la-diabetes\/","url_meta":{"origin":30,"position":5},"title":"\u00bfQUE ES LA DIABETES?","author":"admin","date":"31 mayo, 2017","format":false,"excerpt":"\u00a0 \u00bfQu\u00e9 es la Diabetes? Es una enfermedad metab\u00f3lica cr\u00f3nica caracterizada por niveles elevados de glucosa en sangre, se asocia con deficiencia absoluta o relativa de la producci\u00f3n o acci\u00f3n de la insulina. S\u00cdNTOMAS DE LA DIABETES \u00a0Tipos de Diabetes \u00a0Hay varios tipos de diabetes: entre ellos los m\u00e1s comunes\u2026","rel":"","context":"Entrada similar","block_context":{"text":"Entrada similar","link":""},"img":{"alt_text":"","src":"https:\/\/i0.wp.com\/inadi.gob.hn\/sitio\/wp-content\/uploads\/2019\/11\/sintomas.jpeg?resize=350%2C200&ssl=1","width":350,"height":200,"srcset":"https:\/\/i0.wp.com\/inadi.gob.hn\/sitio\/wp-content\/uploads\/2019\/11\/sintomas.jpeg?resize=350%2C200&ssl=1 1x, https:\/\/i0.wp.com\/inadi.gob.hn\/sitio\/wp-content\/uploads\/2019\/11\/sintomas.jpeg?resize=525%2C300&ssl=1 1.5x"},"classes":[]}],"_links":{"self":[{"href":"https:\/\/inadi.gob.hn\/sitio\/wp-json\/wp\/v2\/pages\/30","targetHints":{"allow":["GET"]}}],"collection":[{"href":"https:\/\/inadi.gob.hn\/sitio\/wp-json\/wp\/v2\/pages"}],"about":[{"href":"https:\/\/inadi.gob.hn\/sitio\/wp-json\/wp\/v2\/types\/page"}],"author":[{"embeddable":true,"href":"https:\/\/inadi.gob.hn\/sitio\/wp-json\/wp\/v2\/users\/1"}],"replies":[{"embeddable":true,"href":"https:\/\/inadi.gob.hn\/sitio\/wp-json\/wp\/v2\/comments?post=30"}],"version-history":[{"count":16,"href":"https:\/\/inadi.gob.hn\/sitio\/wp-json\/wp\/v2\/pages\/30\/revisions"}],"predecessor-version":[{"id":2760,"href":"https:\/\/inadi.gob.hn\/sitio\/wp-json\/wp\/v2\/pages\/30\/revisions\/2760"}],"wp:attachment":[{"href":"https:\/\/inadi.gob.hn\/sitio\/wp-json\/wp\/v2\/media?parent=30"}],"curies":[{"name":"wp","href":"https:\/\/api.w.org\/{rel}","templated":true}]}}