{"id":31,"date":"2017-05-26T02:47:25","date_gmt":"2017-05-26T02:47:25","guid":{"rendered":"http:\/\/inadi.gob.hn\/sitio\/?page_id=31"},"modified":"2023-05-18T15:03:07","modified_gmt":"2023-05-18T21:03:07","slug":"mision-vision-valores","status":"publish","type":"page","link":"https:\/\/inadi.gob.hn\/sitio\/mision-vision-valores\/","title":{"rendered":"MISI\u00d3N, VISI\u00d3N"},"content":{"rendered":"<p><img data-recalc-dims=\"1\" loading=\"lazy\" decoding=\"async\" data-attachment-id=\"2693\" data-permalink=\"https:\/\/inadi.gob.hn\/sitio\/mision-vision-valores\/mision\/\" data-orig-file=\"https:\/\/i0.wp.com\/inadi.gob.hn\/sitio\/wp-content\/uploads\/2023\/05\/Mision.png?fit=4500%2C4500&amp;ssl=1\" data-orig-size=\"4500,4500\" data-comments-opened=\"1\" data-image-meta=\"{&quot;aperture&quot;:&quot;0&quot;,&quot;credit&quot;:&quot;&quot;,&quot;camera&quot;:&quot;&quot;,&quot;caption&quot;:&quot;&quot;,&quot;created_timestamp&quot;:&quot;0&quot;,&quot;copyright&quot;:&quot;&quot;,&quot;focal_length&quot;:&quot;0&quot;,&quot;iso&quot;:&quot;0&quot;,&quot;shutter_speed&quot;:&quot;0&quot;,&quot;title&quot;:&quot;&quot;,&quot;orientation&quot;:&quot;0&quot;}\" data-image-title=\"Mision\" data-image-description=\"\" data-image-caption=\"\" data-large-file=\"https:\/\/i0.wp.com\/inadi.gob.hn\/sitio\/wp-content\/uploads\/2023\/05\/Mision.png?fit=640%2C640&amp;ssl=1\" class=\"aligncenter wp-image-2693 size-large\" src=\"https:\/\/i0.wp.com\/inadi.gob.hn\/sitio\/wp-content\/uploads\/2023\/05\/Mision.png?resize=640%2C640&#038;ssl=1\" alt=\"\" width=\"640\" height=\"640\" srcset=\"https:\/\/i0.wp.com\/inadi.gob.hn\/sitio\/wp-content\/uploads\/2023\/05\/Mision.png?resize=1024%2C1024&amp;ssl=1 1024w, https:\/\/i0.wp.com\/inadi.gob.hn\/sitio\/wp-content\/uploads\/2023\/05\/Mision.png?resize=300%2C300&amp;ssl=1 300w, https:\/\/i0.wp.com\/inadi.gob.hn\/sitio\/wp-content\/uploads\/2023\/05\/Mision.png?resize=150%2C150&amp;ssl=1 150w, https:\/\/i0.wp.com\/inadi.gob.hn\/sitio\/wp-content\/uploads\/2023\/05\/Mision.png?resize=768%2C768&amp;ssl=1 768w, https:\/\/i0.wp.com\/inadi.gob.hn\/sitio\/wp-content\/uploads\/2023\/05\/Mision.png?resize=1536%2C1536&amp;ssl=1 1536w, https:\/\/i0.wp.com\/inadi.gob.hn\/sitio\/wp-content\/uploads\/2023\/05\/Mision.png?resize=2048%2C2048&amp;ssl=1 2048w, https:\/\/i0.wp.com\/inadi.gob.hn\/sitio\/wp-content\/uploads\/2023\/05\/Mision.png?resize=200%2C200&amp;ssl=1 200w, https:\/\/i0.wp.com\/inadi.gob.hn\/sitio\/wp-content\/uploads\/2023\/05\/Mision.png?resize=400%2C400&amp;ssl=1 400w, https:\/\/i0.wp.com\/inadi.gob.hn\/sitio\/wp-content\/uploads\/2023\/05\/Mision.png?w=1280&amp;ssl=1 1280w, https:\/\/i0.wp.com\/inadi.gob.hn\/sitio\/wp-content\/uploads\/2023\/05\/Mision.png?w=1920&amp;ssl=1 1920w\" sizes=\"auto, (max-width: 640px) 100vw, 640px\" \/><\/p>\n<p>&nbsp;<\/p>\n<p><img data-recalc-dims=\"1\" loading=\"lazy\" decoding=\"async\" data-attachment-id=\"2694\" data-permalink=\"https:\/\/inadi.gob.hn\/sitio\/mision-vision-valores\/vision\/\" data-orig-file=\"https:\/\/i0.wp.com\/inadi.gob.hn\/sitio\/wp-content\/uploads\/2023\/05\/Vision.png?fit=4500%2C4500&amp;ssl=1\" data-orig-size=\"4500,4500\" data-comments-opened=\"1\" data-image-meta=\"{&quot;aperture&quot;:&quot;0&quot;,&quot;credit&quot;:&quot;&quot;,&quot;camera&quot;:&quot;&quot;,&quot;caption&quot;:&quot;&quot;,&quot;created_timestamp&quot;:&quot;0&quot;,&quot;copyright&quot;:&quot;&quot;,&quot;focal_length&quot;:&quot;0&quot;,&quot;iso&quot;:&quot;0&quot;,&quot;shutter_speed&quot;:&quot;0&quot;,&quot;title&quot;:&quot;&quot;,&quot;orientation&quot;:&quot;0&quot;}\" data-image-title=\"Visi\u00f3n\" data-image-description=\"\" data-image-caption=\"\" data-large-file=\"https:\/\/i0.wp.com\/inadi.gob.hn\/sitio\/wp-content\/uploads\/2023\/05\/Vision.png?fit=640%2C640&amp;ssl=1\" class=\"aligncenter wp-image-2694 size-large\" src=\"https:\/\/i0.wp.com\/inadi.gob.hn\/sitio\/wp-content\/uploads\/2023\/05\/Vision.png?resize=640%2C640&#038;ssl=1\" alt=\"\" width=\"640\" height=\"640\" srcset=\"https:\/\/i0.wp.com\/inadi.gob.hn\/sitio\/wp-content\/uploads\/2023\/05\/Vision.png?resize=1024%2C1024&amp;ssl=1 1024w, https:\/\/i0.wp.com\/inadi.gob.hn\/sitio\/wp-content\/uploads\/2023\/05\/Vision.png?resize=300%2C300&amp;ssl=1 300w, https:\/\/i0.wp.com\/inadi.gob.hn\/sitio\/wp-content\/uploads\/2023\/05\/Vision.png?resize=150%2C150&amp;ssl=1 150w, https:\/\/i0.wp.com\/inadi.gob.hn\/sitio\/wp-content\/uploads\/2023\/05\/Vision.png?resize=768%2C768&amp;ssl=1 768w, https:\/\/i0.wp.com\/inadi.gob.hn\/sitio\/wp-content\/uploads\/2023\/05\/Vision.png?resize=1536%2C1536&amp;ssl=1 1536w, https:\/\/i0.wp.com\/inadi.gob.hn\/sitio\/wp-content\/uploads\/2023\/05\/Vision.png?resize=2048%2C2048&amp;ssl=1 2048w, https:\/\/i0.wp.com\/inadi.gob.hn\/sitio\/wp-content\/uploads\/2023\/05\/Vision.png?resize=200%2C200&amp;ssl=1 200w, https:\/\/i0.wp.com\/inadi.gob.hn\/sitio\/wp-content\/uploads\/2023\/05\/Vision.png?resize=400%2C400&amp;ssl=1 400w, https:\/\/i0.wp.com\/inadi.gob.hn\/sitio\/wp-content\/uploads\/2023\/05\/Vision.png?w=1280&amp;ssl=1 1280w, https:\/\/i0.wp.com\/inadi.gob.hn\/sitio\/wp-content\/uploads\/2023\/05\/Vision.png?w=1920&amp;ssl=1 1920w\" sizes=\"auto, (max-width: 640px) 100vw, 640px\" \/><\/p>\n","protected":false},"excerpt":{"rendered":"<p>&nbsp;<\/p>\n","protected":false},"author":1,"featured_media":0,"parent":0,"menu_order":0,"comment_status":"closed","ping_status":"closed","template":"","meta":{"_bbp_topic_count":0,"_bbp_reply_count":0,"_bbp_total_topic_count":0,"_bbp_total_reply_count":0,"_bbp_voice_count":0,"_bbp_anonymous_reply_count":0,"_bbp_topic_count_hidden":0,"_bbp_reply_count_hidden":0,"_bbp_forum_subforum_count":0,"_monsterinsights_skip_tracking":false,"_monsterinsights_sitenote_active":false,"_monsterinsights_sitenote_note":"","_monsterinsights_sitenote_category":0,"jetpack_post_was_ever_published":false,"footnotes":""},"class_list":["post-31","page","type-page","status-publish","hentry"],"aioseo_notices":[],"jetpack_sharing_enabled":true,"jetpack_shortlink":"https:\/\/wp.me\/P9ciV2-v","jetpack_likes_enabled":true,"jetpack-related-posts":[{"id":120,"url":"https:\/\/inadi.gob.hn\/sitio\/director-instituto-nacional-del-diabetico\/","url_meta":{"origin":31,"position":0},"title":"DIRECTOR INSTITUTO NACIONAL DEL DIABETICO","author":"admin","date":"29 mayo, 2017","format":false,"excerpt":"\u00a0 \"Nuestra misi\u00f3n es prevenir la diabetes y evitar la aparici\u00f3n de nuevos casos, al igual que brindar una atenci\u00f3n de calidad y calidez a nuestros pacientes, bajo lineamientos del Presidente Juan Orlando Hern\u00e1ndez que se preocupa por la salud del pueblo hondure\u00f1o. Queremos una Honduras m\u00e1s saludable, libre de\u2026","rel":"","context":"Entrada similar","block_context":{"text":"Entrada similar","link":""},"img":{"alt_text":"","src":"https:\/\/i0.wp.com\/inadi.gob.hn\/sitio\/wp-content\/uploads\/2023\/05\/soy-inadi-1024x192.jpg?resize=350%2C200&ssl=1","width":350,"height":200,"srcset":"https:\/\/i0.wp.com\/inadi.gob.hn\/sitio\/wp-content\/uploads\/2023\/05\/soy-inadi-1024x192.jpg?resize=350%2C200&ssl=1 1x, https:\/\/i0.wp.com\/inadi.gob.hn\/sitio\/wp-content\/uploads\/2023\/05\/soy-inadi-1024x192.jpg?resize=525%2C300&ssl=1 1.5x"},"classes":[]},{"id":1938,"url":"https:\/\/inadi.gob.hn\/sitio\/dia-mundial-de-la-vision-esperanza-a-la-vista\/","url_meta":{"origin":31,"position":1},"title":"D\u00eda Mundial de la Visi\u00f3n  \u00abEsperanza a la vista\u00bb","author":"Sendy Avila","date":"8 octubre, 2020","format":false,"excerpt":"Cada segundo jueves del mes de octubre se conmemora el D\u00eda Mundial de la Visi\u00f3n. En 2020, este d\u00eda ha ca\u00eddo el 8 de octubre. Seg\u00fan datos de la OMS, 2.200 millones de personas tienen alg\u00fan tipo de discapacidad visual. Este d\u00eda se conmemora por iniciativa de la Organizaci\u00f3n Mundial\u2026","rel":"","context":"Entrada similar","block_context":{"text":"Entrada similar","link":""},"img":{"alt_text":"","src":"https:\/\/i0.wp.com\/inadi.gob.hn\/sitio\/wp-content\/uploads\/2020\/10\/esperanza-a-la-vista-300x279.jpg?resize=350%2C200&ssl=1","width":350,"height":200},"classes":[]}],"_links":{"self":[{"href":"https:\/\/inadi.gob.hn\/sitio\/wp-json\/wp\/v2\/pages\/31","targetHints":{"allow":["GET"]}}],"collection":[{"href":"https:\/\/inadi.gob.hn\/sitio\/wp-json\/wp\/v2\/pages"}],"about":[{"href":"https:\/\/inadi.gob.hn\/sitio\/wp-json\/wp\/v2\/types\/page"}],"author":[{"embeddable":true,"href":"https:\/\/inadi.gob.hn\/sitio\/wp-json\/wp\/v2\/users\/1"}],"replies":[{"embeddable":true,"href":"https:\/\/inadi.gob.hn\/sitio\/wp-json\/wp\/v2\/comments?post=31"}],"version-history":[{"count":11,"href":"https:\/\/inadi.gob.hn\/sitio\/wp-json\/wp\/v2\/pages\/31\/revisions"}],"predecessor-version":[{"id":2696,"href":"https:\/\/inadi.gob.hn\/sitio\/wp-json\/wp\/v2\/pages\/31\/revisions\/2696"}],"wp:attachment":[{"href":"https:\/\/inadi.gob.hn\/sitio\/wp-json\/wp\/v2\/media?parent=31"}],"curies":[{"name":"wp","href":"https:\/\/api.w.org\/{rel}","templated":true}]}}