{"id":362,"date":"2017-05-31T17:43:42","date_gmt":"2017-05-31T17:43:42","guid":{"rendered":"http:\/\/inadi.gob.hn\/sitio\/?page_id=362"},"modified":"2023-05-22T08:55:38","modified_gmt":"2023-05-22T14:55:38","slug":"guia-para-pacientes","status":"publish","type":"page","link":"https:\/\/inadi.gob.hn\/sitio\/guia-para-pacientes\/","title":{"rendered":"GU\u00cdA PARA PACIENTES"},"content":{"rendered":"<p>&nbsp;<\/p>\n<table class=\" aligncenter\" style=\"width: 681px;\">\n<tbody>\n<tr>\n<td style=\"width: 677px;\">\n<h1><span style=\"color: #db473c;\"><strong><span style=\"font-size: 14pt; font-family: trajan-pro;\">Preguntas Frecuentes<\/span><\/strong><\/span><\/h1>\n<h1><span style=\"color: #db473c;\"><strong><span style=\"font-size: 14pt; font-family: trajan-pro;\">A continuaci\u00f3n respondemos algunas de las preguntas m\u00e1s comunes realizadas por nuestros pacientes<\/span><\/strong><\/span><\/h1>\n<p>&nbsp;<\/td>\n<\/tr>\n<\/tbody>\n<\/table>\n<table class=\" aligncenter\" style=\"width: 552px; height: 1401px;\">\n<tbody>\n<tr>\n<td style=\"width: 548px;\">\n<p style=\"text-align: justify;\"><span style=\"font-size: 14pt; color: #db473c;\"><strong><span style=\"font-family: trajan-pro;\">1. Un familiar tiene Diabetes y quiero llevarla a consulta al instituto, \u00bfQu\u00e9 debo hacer?<\/span><\/strong><\/span><\/p>\n<p style=\"text-align: justify;\"><span style=\"font-family: trajan-pro;\">Su familiar debe traer al instituto una referencia medica donde confirme que padece diabetes y tiene que solicitar el carnet del hospital san Felipe.<\/span><\/p>\n<\/td>\n<\/tr>\n<tr>\n<td style=\"width: 548px;\">\n<p style=\"text-align: justify;\"><span style=\"font-size: 14pt; color: #db473c;\"><strong><span style=\"font-family: trajan-pro;\">2. Tengo una referencia para el Instituto \u00bfQu\u00e9 debo hacer?<\/span><\/strong><\/span><\/p>\n<p style=\"text-align: justify;\"><span style=\"font-family: trajan-pro;\"><span style=\"color: #000000;\">Debe presentar su<\/span> referencia medica en el departamento de estad\u00edstica luego ellos le programan una cita en la fecha m\u00e1s pr\u00f3xima disponible.<\/span><\/p>\n<\/td>\n<\/tr>\n<tr>\n<td style=\"width: 548px;\"><span style=\"font-size: 14pt; color: #db473c;\"><strong><span style=\"font-family: trajan-pro;\">3. \u00bfEs privado?<\/span><\/strong><\/span><\/p>\n<p style=\"text-align: justify;\"><span style=\"font-family: trajan-pro;\">El Instituto Nacional del Diab\u00e9tico es una entidad adscrita a la Secretaria de Salud por ende es p\u00fablico.<\/span><\/p>\n<\/td>\n<\/tr>\n<tr>\n<td style=\"width: 548px;\"><span style=\"font-size: 14pt; color: #db473c;\"><strong><span style=\"font-family: trajan-pro;\">4. \u00bfQu\u00e9 debo presentar el d\u00eda de mi cita?<\/span><\/strong><\/span><\/p>\n<p style=\"text-align: justify;\"><span style=\"font-family: trajan-pro;\">El d\u00eda de su cita, debe acudir al departamento de admisiones\u00a0presentar el carnet\u00a0donde constate que tiene cita en esa fecha, luego el personal de admisi\u00f3n\u00a0le abrir\u00e1 un expediente y hacer el procedimiento para ser atendido.<\/span><\/p>\n<\/td>\n<\/tr>\n<tr>\n<td style=\"width: 548px;\"><span style=\"font-size: 14pt; color: #db473c;\"><strong><span style=\"font-family: trajan-pro;\">5. \u00bfCon qu\u00e9 especialidades cuentan?<\/span><\/strong><\/span><\/p>\n<p style=\"text-align: justify;\"><span style=\"font-family: trajan-pro;\">Tenemos 3 m\u00e9dicos de\u00a0 medicina Interna, m\u00e9dicos generales, odont\u00f3logos, nutricionista, oftalm\u00f3logos y especialistas en f\u00edsica y rehabilitaci\u00f3n.<\/span><\/p>\n<\/td>\n<\/tr>\n<tr>\n<td style=\"width: 548px;\"><span style=\"font-family: trajan-pro; font-size: 14pt; color: #db473c;\"><strong>6. \u00bfSon gratis las consultas en el INADI o se tiene que pagar algo ?<\/strong> <\/span><\/p>\n<p><span style=\"font-family: trajan-pro;\">La consulta m\u00e9dica es totalmente gratuita<\/span><\/td>\n<\/tr>\n<tr>\n<td style=\"width: 548px;\"><span style=\"font-size: 14pt; color: #db473c;\"><strong><span style=\"font-family: trajan-pro;\">7. \u00bfAtienden emergencias?<\/span><\/strong><\/span><\/p>\n<p style=\"text-align: justify;\"><span style=\"font-family: trajan-pro;\">No se atienden emergencias, excepto si cuando est\u00e1 esperando ser atendido por su m\u00e9dico tiene alguna complicaci\u00f3n de urgencia.\u00a0<\/span><\/p>\n<p><img data-recalc-dims=\"1\" loading=\"lazy\" decoding=\"async\" data-attachment-id=\"2705\" data-permalink=\"https:\/\/inadi.gob.hn\/sitio\/cartera-de-servicios\/soy-inadi-2\/\" data-orig-file=\"https:\/\/i0.wp.com\/inadi.gob.hn\/sitio\/wp-content\/uploads\/2023\/05\/soy-inadi-scaled.jpg?fit=2560%2C480&amp;ssl=1\" data-orig-size=\"2560,480\" data-comments-opened=\"1\" data-image-meta=\"{&quot;aperture&quot;:&quot;0&quot;,&quot;credit&quot;:&quot;Lacayo Bermudez&quot;,&quot;camera&quot;:&quot;&quot;,&quot;caption&quot;:&quot;&quot;,&quot;created_timestamp&quot;:&quot;1684419023&quot;,&quot;copyright&quot;:&quot;&quot;,&quot;focal_length&quot;:&quot;0&quot;,&quot;iso&quot;:&quot;0&quot;,&quot;shutter_speed&quot;:&quot;0&quot;,&quot;title&quot;:&quot;&quot;,&quot;orientation&quot;:&quot;0&quot;}\" data-image-title=\"soy inadi\" data-image-description=\"\" data-image-caption=\"\" data-large-file=\"https:\/\/i0.wp.com\/inadi.gob.hn\/sitio\/wp-content\/uploads\/2023\/05\/soy-inadi-scaled.jpg?fit=640%2C120&amp;ssl=1\" class=\"alignnone size-full wp-image-2705\" src=\"https:\/\/i0.wp.com\/inadi.gob.hn\/sitio\/wp-content\/uploads\/2023\/05\/soy-inadi-scaled.jpg?resize=640%2C120&#038;ssl=1\" alt=\"\" width=\"640\" height=\"120\" srcset=\"https:\/\/i0.wp.com\/inadi.gob.hn\/sitio\/wp-content\/uploads\/2023\/05\/soy-inadi-scaled.jpg?w=2560&amp;ssl=1 2560w, https:\/\/i0.wp.com\/inadi.gob.hn\/sitio\/wp-content\/uploads\/2023\/05\/soy-inadi-scaled.jpg?resize=300%2C56&amp;ssl=1 300w, https:\/\/i0.wp.com\/inadi.gob.hn\/sitio\/wp-content\/uploads\/2023\/05\/soy-inadi-scaled.jpg?resize=1024%2C192&amp;ssl=1 1024w, https:\/\/i0.wp.com\/inadi.gob.hn\/sitio\/wp-content\/uploads\/2023\/05\/soy-inadi-scaled.jpg?resize=768%2C144&amp;ssl=1 768w, https:\/\/i0.wp.com\/inadi.gob.hn\/sitio\/wp-content\/uploads\/2023\/05\/soy-inadi-scaled.jpg?resize=1536%2C288&amp;ssl=1 1536w, https:\/\/i0.wp.com\/inadi.gob.hn\/sitio\/wp-content\/uploads\/2023\/05\/soy-inadi-scaled.jpg?resize=2048%2C384&amp;ssl=1 2048w, https:\/\/i0.wp.com\/inadi.gob.hn\/sitio\/wp-content\/uploads\/2023\/05\/soy-inadi-scaled.jpg?resize=400%2C75&amp;ssl=1 400w, https:\/\/i0.wp.com\/inadi.gob.hn\/sitio\/wp-content\/uploads\/2023\/05\/soy-inadi-scaled.jpg?w=1280&amp;ssl=1 1280w, https:\/\/i0.wp.com\/inadi.gob.hn\/sitio\/wp-content\/uploads\/2023\/05\/soy-inadi-scaled.jpg?w=1920&amp;ssl=1 1920w\" sizes=\"auto, (max-width: 640px) 100vw, 640px\" \/><\/p>\n<p>&nbsp;<\/td>\n<\/tr>\n<\/tbody>\n<\/table>\n","protected":false},"excerpt":{"rendered":"<p>&nbsp; Preguntas Frecuentes A continuaci\u00f3n respondemos algunas de las preguntas m\u00e1s comunes realizadas por nuestros pacientes &nbsp; 1. Un familiar tiene Diabetes y quiero llevarla a consulta al instituto, \u00bfQu\u00e9 debo hacer? Su familiar debe traer al instituto una referencia medica donde confirme que padece diabetes y tiene que solicitar el carnet del hospital san [&hellip;]<\/p>\n","protected":false},"author":1,"featured_media":0,"parent":0,"menu_order":0,"comment_status":"closed","ping_status":"closed","template":"","meta":{"_bbp_topic_count":0,"_bbp_reply_count":0,"_bbp_total_topic_count":0,"_bbp_total_reply_count":0,"_bbp_voice_count":0,"_bbp_anonymous_reply_count":0,"_bbp_topic_count_hidden":0,"_bbp_reply_count_hidden":0,"_bbp_forum_subforum_count":0,"_monsterinsights_skip_tracking":false,"_monsterinsights_sitenote_active":false,"_monsterinsights_sitenote_note":"","_monsterinsights_sitenote_category":0,"jetpack_post_was_ever_published":false,"footnotes":""},"class_list":["post-362","page","type-page","status-publish","hentry"],"aioseo_notices":[],"jetpack_sharing_enabled":true,"jetpack_shortlink":"https:\/\/wp.me\/P9ciV2-5Q","jetpack_likes_enabled":true,"jetpack-related-posts":[{"id":172,"url":"https:\/\/inadi.gob.hn\/sitio\/capacitaciones\/","url_meta":{"origin":362,"position":0},"title":"CAPACITACIONES","author":"admin","date":"30 mayo, 2017","format":false,"excerpt":"\u00a0 La DESINFORMACI\u00d3N es una de las principales causas de la #diabetes y otras enfermedades. Bajo lineamientos del Presidente Juan Orlando Hern\u00e1ndez y la Directora del Instituto, la Dra. Johana Bermudez , damos voz a nuestros pacientes para que expongan sus dudas acerca de la enfermedad y otras complicaciones para\u2026","rel":"","context":"Entrada similar","block_context":{"text":"Entrada similar","link":""},"img":{"alt_text":"","src":"https:\/\/i0.wp.com\/inadi.gob.hn\/sitio\/wp-content\/uploads\/2017\/05\/Imagen1-300x237.jpg?resize=350%2C200","width":350,"height":200},"classes":[]},{"id":130,"url":"https:\/\/inadi.gob.hn\/sitio\/cartera-de-servicios\/","url_meta":{"origin":362,"position":1},"title":"CARTERA DE SERVICIOS","author":"admin","date":"29 mayo, 2017","format":false,"excerpt":"El Instituto Nacional del Diabetico, se ha convertido en una gran oportunidad para guardar la salud de los pacientes con Diabetes que demandan atenci\u00f3n m\u00e9dica especializada en esta rama, por tal raz\u00f3n, tanto nuestros usuarios como empleados debemos cuidarla y fortalecer para no defraudar el ideal para lo que fue\u2026","rel":"","context":"Entrada similar","block_context":{"text":"Entrada similar","link":""},"img":{"alt_text":"","src":"https:\/\/i0.wp.com\/inadi.gob.hn\/sitio\/wp-content\/uploads\/2023\/05\/soy-inadi-scaled.jpg?resize=350%2C200&ssl=1","width":350,"height":200,"srcset":"https:\/\/i0.wp.com\/inadi.gob.hn\/sitio\/wp-content\/uploads\/2023\/05\/soy-inadi-scaled.jpg?resize=350%2C200&ssl=1 1x, https:\/\/i0.wp.com\/inadi.gob.hn\/sitio\/wp-content\/uploads\/2023\/05\/soy-inadi-scaled.jpg?resize=525%2C300&ssl=1 1.5x, https:\/\/i0.wp.com\/inadi.gob.hn\/sitio\/wp-content\/uploads\/2023\/05\/soy-inadi-scaled.jpg?resize=700%2C400&ssl=1 2x, https:\/\/i0.wp.com\/inadi.gob.hn\/sitio\/wp-content\/uploads\/2023\/05\/soy-inadi-scaled.jpg?resize=1050%2C600&ssl=1 3x, https:\/\/i0.wp.com\/inadi.gob.hn\/sitio\/wp-content\/uploads\/2023\/05\/soy-inadi-scaled.jpg?resize=1400%2C800&ssl=1 4x"},"classes":[]},{"id":120,"url":"https:\/\/inadi.gob.hn\/sitio\/director-instituto-nacional-del-diabetico\/","url_meta":{"origin":362,"position":2},"title":"DIRECTOR INSTITUTO NACIONAL DEL DIABETICO","author":"admin","date":"29 mayo, 2017","format":false,"excerpt":"\u00a0 \"Nuestra misi\u00f3n es prevenir la diabetes y evitar la aparici\u00f3n de nuevos casos, al igual que brindar una atenci\u00f3n de calidad y calidez a nuestros pacientes, bajo lineamientos del Presidente Juan Orlando Hern\u00e1ndez que se preocupa por la salud del pueblo hondure\u00f1o. Queremos una Honduras m\u00e1s saludable, libre de\u2026","rel":"","context":"Entrada similar","block_context":{"text":"Entrada similar","link":""},"img":{"alt_text":"","src":"https:\/\/i0.wp.com\/inadi.gob.hn\/sitio\/wp-content\/uploads\/2023\/05\/soy-inadi-1024x192.jpg?resize=350%2C200&ssl=1","width":350,"height":200,"srcset":"https:\/\/i0.wp.com\/inadi.gob.hn\/sitio\/wp-content\/uploads\/2023\/05\/soy-inadi-1024x192.jpg?resize=350%2C200&ssl=1 1x, https:\/\/i0.wp.com\/inadi.gob.hn\/sitio\/wp-content\/uploads\/2023\/05\/soy-inadi-1024x192.jpg?resize=525%2C300&ssl=1 1.5x"},"classes":[]},{"id":30,"url":"https:\/\/inadi.gob.hn\/sitio\/historia\/","url_meta":{"origin":362,"position":3},"title":"HISTORIA","author":"admin","date":"26 mayo, 2017","format":false,"excerpt":"INSTITUTO NACIONAL DEL DIABETICO (INADI) \u00a0 Que el INADI fue creado mediante Decreto Legislativo No. 144-2013 de fecha 5 de octubre de 2013, como una entidad desconcentrada adscrita a la Secretaria de Estado en el Despacho de Salud, la cual funcionar\u00e1 con personalidad Jur\u00eddica y patrimonio propio, autonom\u00eda administrativa presupuestaria\u2026","rel":"","context":"Entrada similar","block_context":{"text":"Entrada similar","link":""},"img":{"alt_text":"","src":"https:\/\/i0.wp.com\/inadi.gob.hn\/sitio\/wp-content\/uploads\/2023\/05\/soy-inadi-scaled.jpg?resize=350%2C200&ssl=1","width":350,"height":200,"srcset":"https:\/\/i0.wp.com\/inadi.gob.hn\/sitio\/wp-content\/uploads\/2023\/05\/soy-inadi-scaled.jpg?resize=350%2C200&ssl=1 1x, https:\/\/i0.wp.com\/inadi.gob.hn\/sitio\/wp-content\/uploads\/2023\/05\/soy-inadi-scaled.jpg?resize=525%2C300&ssl=1 1.5x, https:\/\/i0.wp.com\/inadi.gob.hn\/sitio\/wp-content\/uploads\/2023\/05\/soy-inadi-scaled.jpg?resize=700%2C400&ssl=1 2x, https:\/\/i0.wp.com\/inadi.gob.hn\/sitio\/wp-content\/uploads\/2023\/05\/soy-inadi-scaled.jpg?resize=1050%2C600&ssl=1 3x, https:\/\/i0.wp.com\/inadi.gob.hn\/sitio\/wp-content\/uploads\/2023\/05\/soy-inadi-scaled.jpg?resize=1400%2C800&ssl=1 4x"},"classes":[]},{"id":1906,"url":"https:\/\/inadi.gob.hn\/sitio\/problemas-del-corazon-asociados-con-la-diabetes\/","url_meta":{"origin":362,"position":4},"title":"Problemas del coraz\u00f3n asociados con la diabetes","author":"Sendy Avila","date":"28 septiembre, 2020","format":false,"excerpt":"Si usted tiene diabetes o prediabetes, presenta un mayor riesgo de enfermedad card\u00edaca relacionada con esta. Las enfermedades card\u00edacas relacionadas con la diabetes pueden ser: enfermedad coronaria, insuficiencia card\u00edaca y cardiomiopat\u00eda diab\u00e9tica. La diabetes por s\u00ed misma lo pone en riesgo de enfermedad card\u00edaca. Otros factores de riesgo incluyen: **Historia\u2026","rel":"","context":"Entrada similar","block_context":{"text":"Entrada similar","link":""},"img":{"alt_text":"","src":"https:\/\/i0.wp.com\/inadi.gob.hn\/sitio\/wp-content\/uploads\/2020\/09\/743e12b2d2a9b2f303ce3784331a6155.png?fit=800%2C800&ssl=1&resize=350%2C200","width":350,"height":200,"srcset":"https:\/\/i0.wp.com\/inadi.gob.hn\/sitio\/wp-content\/uploads\/2020\/09\/743e12b2d2a9b2f303ce3784331a6155.png?fit=800%2C800&ssl=1&resize=350%2C200 1x, https:\/\/i0.wp.com\/inadi.gob.hn\/sitio\/wp-content\/uploads\/2020\/09\/743e12b2d2a9b2f303ce3784331a6155.png?fit=800%2C800&ssl=1&resize=525%2C300 1.5x, https:\/\/i0.wp.com\/inadi.gob.hn\/sitio\/wp-content\/uploads\/2020\/09\/743e12b2d2a9b2f303ce3784331a6155.png?fit=800%2C800&ssl=1&resize=700%2C400 2x"},"classes":[]},{"id":142,"url":"https:\/\/inadi.gob.hn\/sitio\/brigadas-medicas\/","url_meta":{"origin":362,"position":5},"title":"BRIGADAS MEDICAS","author":"admin","date":"30 mayo, 2017","format":false,"excerpt":"Nuestra Directora, la Dra. Johana Bermudez y Regi\u00f3n De Salud Cop\u00e1n trabajando juntos por una #Honduras m\u00e1s saludable. Un esfuerzo liderado por el Presidente Juan Orlando Hern\u00e1ndez en su lucha para prevenir las enfermedades cr\u00f3nicas. [soliloquy id=\"154\"] \u00a0 Tomas de presi\u00f3n arterial en el Parque Central de #tegucigalpa , conmemorando\u2026","rel":"","context":"Entrada similar","block_context":{"text":"Entrada similar","link":""},"img":{"alt_text":"","src":"","width":0,"height":0},"classes":[]}],"_links":{"self":[{"href":"https:\/\/inadi.gob.hn\/sitio\/wp-json\/wp\/v2\/pages\/362","targetHints":{"allow":["GET"]}}],"collection":[{"href":"https:\/\/inadi.gob.hn\/sitio\/wp-json\/wp\/v2\/pages"}],"about":[{"href":"https:\/\/inadi.gob.hn\/sitio\/wp-json\/wp\/v2\/types\/page"}],"author":[{"embeddable":true,"href":"https:\/\/inadi.gob.hn\/sitio\/wp-json\/wp\/v2\/users\/1"}],"replies":[{"embeddable":true,"href":"https:\/\/inadi.gob.hn\/sitio\/wp-json\/wp\/v2\/comments?post=362"}],"version-history":[{"count":6,"href":"https:\/\/inadi.gob.hn\/sitio\/wp-json\/wp\/v2\/pages\/362\/revisions"}],"predecessor-version":[{"id":2797,"href":"https:\/\/inadi.gob.hn\/sitio\/wp-json\/wp\/v2\/pages\/362\/revisions\/2797"}],"wp:attachment":[{"href":"https:\/\/inadi.gob.hn\/sitio\/wp-json\/wp\/v2\/media?parent=362"}],"curies":[{"name":"wp","href":"https:\/\/api.w.org\/{rel}","templated":true}]}}