{"id":764,"date":"2017-08-17T16:50:13","date_gmt":"2017-08-17T16:50:13","guid":{"rendered":"http:\/\/inadi.gob.hn\/sitio\/?page_id=764"},"modified":"2024-11-19T09:10:41","modified_gmt":"2024-11-19T15:10:41","slug":"donde-inyectar-la-insulina","status":"publish","type":"page","link":"https:\/\/inadi.gob.hn\/sitio\/donde-inyectar-la-insulina\/","title":{"rendered":"\u00bfD\u00f3nde inyectar la insulina?"},"content":{"rendered":"<p style=\"text-align: center;\">\n<table class=\" aligncenter\" style=\"height: 1145px; width: 69.4086%;\">\n<tbody>\n<tr style=\"height: 1143px;\">\n<td style=\"width: 100%; height: 1143px;\">\n<p style=\"text-align: justify;\">Usted puede inyectarse la insulina en el abdomen, la parte superior del brazo, gl\u00fateos, caderas y en la parte frontal o el costado del muslo La insulina act\u00faa m\u00e1s r\u00e1pido cuando se inyecta en el abdomen.<\/p>\n<p style=\"text-align: justify;\"><strong>Sitios de la inyecci\u00f3n de insulina<\/strong><\/p>\n<p style=\"text-align: justify;\">No inyecte la insulina en las \u00e1reas donde tiene una herida o moretones. La insulina inyectada en heridas o moretones podr\u00eda no entrar a su cuerpo correctamente.<\/p>\n<p style=\"text-align: justify;\">Use una zona diferente dentro del sitio cada vez que se inyecte insulina. Por ejemplo, inyecte insulina en diferentes lugares de su abdomen. La insulina que se inyecta en la misma \u00e1rea puede provocar bultos, inflamaci\u00f3n o engrosamiento de la piel.<\/p>\n<p style=\"text-align: justify;\"><strong>C\u00f3mo inyectar la insulina con una jeringa:<\/strong><\/p>\n<p style=\"text-align: justify;\">Limpie la piel en donde inyectar\u00e1 la insulina. Puede usar un algod\u00f3n con alcohol o un hisopo de algod\u00f3n embebido en alcohol.<\/p>\n<p style=\"text-align: justify;\">Agarre un pliegue de piel. Pellizque suavemente la piel y la grasa entre su dedo pulgar y su \u00edndice.<\/p>\n<p style=\"text-align: justify;\">Inserte la aguja directo en su piel. No sostenga la jeringa en \u00e1ngulo. Aseg\u00farese de que la aguja entre por completo en su piel. Suelte el tejido que est\u00e1 pellizcando.<\/p>\n<p style=\"text-align: justify;\">Presione el desatascador para inyectar la insulina. Presione el desatascador hasta que la insulina haya salido toda. Deje que la aguja permanezca en el lugar donde la inyect\u00f3 por 5 segundos despu\u00e9s de inyectar la insulina.<\/p>\n<p style=\"text-align: justify;\">Saque la aguja. Presione el \u00e1rea de la inyecci\u00f3n por 5 a 10 segundos. No se frote. Esto evitar\u00e1 que la insulina se derrame.<\/p>\n<p style=\"text-align: justify;\">Deseche la jeringa de insulina usada, seg\u00fan indicaciones m\u00e9dicas. No le ponga la tapa a la jeringa antes de desecharla.<\/p>\n<p style=\"text-align: justify;\"><strong>Disminuya el dolor cuando se inyecta la insulina:<\/strong><\/p>\n<p style=\"text-align: justify;\">Inyecte la insulina a temperatura ambiente. Si la insulina ha sido guardada en el refrigerador s\u00e1quela 30 minutos antes de aplicarse la inyecci\u00f3n.<\/p>\n<p style=\"text-align: justify;\">Quite todas las burbujas de aire de la jeringa antes de la inyecci\u00f3n.<\/p>\n<p style=\"text-align: justify;\">Si limpia su piel con una almohadilla de alcohol, espere hasta que se seque antes de aplicarse la insulina.<\/p>\n<p style=\"text-align: justify;\">Relaje los m\u00fasculos del lugar en donde aplicar\u00e1 la inyecci\u00f3n.<\/p>\n<p style=\"text-align: justify;\">No cambie la direcci\u00f3n de la aguja mientras va metiendo o sacando la aguja.<\/p>\n<\/td>\n<\/tr>\n<\/tbody>\n<\/table>\n","protected":false},"excerpt":{"rendered":"<p>Usted puede inyectarse la insulina en el abdomen, la parte superior del brazo, gl\u00fateos, caderas y en la parte frontal o el costado del muslo La insulina act\u00faa m\u00e1s r\u00e1pido cuando se inyecta en el abdomen. Sitios de la inyecci\u00f3n de insulina No inyecte la insulina en las \u00e1reas donde tiene una herida o moretones. [&hellip;]<\/p>\n","protected":false},"author":3,"featured_media":705,"parent":0,"menu_order":0,"comment_status":"closed","ping_status":"closed","template":"","meta":{"_bbp_topic_count":0,"_bbp_reply_count":0,"_bbp_total_topic_count":0,"_bbp_total_reply_count":0,"_bbp_voice_count":0,"_bbp_anonymous_reply_count":0,"_bbp_topic_count_hidden":0,"_bbp_reply_count_hidden":0,"_bbp_forum_subforum_count":0,"_monsterinsights_skip_tracking":false,"_monsterinsights_sitenote_active":false,"_monsterinsights_sitenote_note":"","_monsterinsights_sitenote_category":0,"jetpack_post_was_ever_published":false,"footnotes":""},"class_list":["post-764","page","type-page","status-publish","has-post-thumbnail","hentry"],"aioseo_notices":[],"jetpack_sharing_enabled":true,"jetpack_shortlink":"https:\/\/wp.me\/P9ciV2-ck","jetpack_likes_enabled":true,"jetpack-related-posts":[{"id":369,"url":"https:\/\/inadi.gob.hn\/sitio\/que-es-la-diabetes\/","url_meta":{"origin":764,"position":0},"title":"\u00bfQUE ES LA DIABETES?","author":"admin","date":"31 mayo, 2017","format":false,"excerpt":"\u00a0 \u00bfQu\u00e9 es la Diabetes? Es una enfermedad metab\u00f3lica cr\u00f3nica caracterizada por niveles elevados de glucosa en sangre, se asocia con deficiencia absoluta o relativa de la producci\u00f3n o acci\u00f3n de la insulina. S\u00cdNTOMAS DE LA DIABETES \u00a0Tipos de Diabetes \u00a0Hay varios tipos de diabetes: entre ellos los m\u00e1s comunes\u2026","rel":"","context":"Entrada similar","block_context":{"text":"Entrada similar","link":""},"img":{"alt_text":"","src":"https:\/\/i0.wp.com\/inadi.gob.hn\/sitio\/wp-content\/uploads\/2019\/11\/sintomas.jpeg?resize=350%2C200&ssl=1","width":350,"height":200,"srcset":"https:\/\/i0.wp.com\/inadi.gob.hn\/sitio\/wp-content\/uploads\/2019\/11\/sintomas.jpeg?resize=350%2C200&ssl=1 1x, https:\/\/i0.wp.com\/inadi.gob.hn\/sitio\/wp-content\/uploads\/2019\/11\/sintomas.jpeg?resize=525%2C300&ssl=1 1.5x"},"classes":[]},{"id":1921,"url":"https:\/\/inadi.gob.hn\/sitio\/octubre-mes-de-sensibilizacion-sobre-el-cancer-de-mama\/","url_meta":{"origin":764,"position":1},"title":"Octubre: Mes de Sensibilizaci\u00f3n sobre el C\u00e1ncer de Mama","author":"Sendy Avila","date":"1 octubre, 2020","format":false,"excerpt":"El Mes de Sensibilizaci\u00f3n sobre el C\u00e1ncer de Mama, que se celebra en todo el mundo cada mes de octubre, contribuye a aumentar la atenci\u00f3n y el apoyo prestados a la sensibilizaci\u00f3n, la detecci\u00f3n precoz, el tratamiento y los cuidados paliativos. Cada a\u00f1o se producen 1,38 millones de nuevos casos\u2026","rel":"","context":"Entrada similar","block_context":{"text":"Entrada similar","link":""},"img":{"alt_text":"","src":"https:\/\/i0.wp.com\/inadi.gob.hn\/sitio\/wp-content\/uploads\/2020\/10\/Banner-22.1-300x167.jpg?resize=350%2C200&ssl=1","width":350,"height":200},"classes":[]},{"id":362,"url":"https:\/\/inadi.gob.hn\/sitio\/guia-para-pacientes\/","url_meta":{"origin":764,"position":2},"title":"GU\u00cdA PARA PACIENTES","author":"admin","date":"31 mayo, 2017","format":false,"excerpt":"\u00a0 Preguntas Frecuentes A continuaci\u00f3n respondemos algunas de las preguntas m\u00e1s comunes realizadas por nuestros pacientes \u00a0 1. Un familiar tiene Diabetes y quiero llevarla a consulta al instituto, \u00bfQu\u00e9 debo hacer? Su familiar debe traer al instituto una referencia medica donde confirme que padece diabetes y tiene que solicitar\u2026","rel":"","context":"Entrada similar","block_context":{"text":"Entrada similar","link":""},"img":{"alt_text":"","src":"https:\/\/i0.wp.com\/inadi.gob.hn\/sitio\/wp-content\/uploads\/2023\/05\/soy-inadi-scaled.jpg?resize=350%2C200&ssl=1","width":350,"height":200,"srcset":"https:\/\/i0.wp.com\/inadi.gob.hn\/sitio\/wp-content\/uploads\/2023\/05\/soy-inadi-scaled.jpg?resize=350%2C200&ssl=1 1x, https:\/\/i0.wp.com\/inadi.gob.hn\/sitio\/wp-content\/uploads\/2023\/05\/soy-inadi-scaled.jpg?resize=525%2C300&ssl=1 1.5x, https:\/\/i0.wp.com\/inadi.gob.hn\/sitio\/wp-content\/uploads\/2023\/05\/soy-inadi-scaled.jpg?resize=700%2C400&ssl=1 2x, https:\/\/i0.wp.com\/inadi.gob.hn\/sitio\/wp-content\/uploads\/2023\/05\/soy-inadi-scaled.jpg?resize=1050%2C600&ssl=1 3x, https:\/\/i0.wp.com\/inadi.gob.hn\/sitio\/wp-content\/uploads\/2023\/05\/soy-inadi-scaled.jpg?resize=1400%2C800&ssl=1 4x"},"classes":[]},{"id":1906,"url":"https:\/\/inadi.gob.hn\/sitio\/problemas-del-corazon-asociados-con-la-diabetes\/","url_meta":{"origin":764,"position":3},"title":"Problemas del coraz\u00f3n asociados con la diabetes","author":"Sendy Avila","date":"28 septiembre, 2020","format":false,"excerpt":"Si usted tiene diabetes o prediabetes, presenta un mayor riesgo de enfermedad card\u00edaca relacionada con esta. Las enfermedades card\u00edacas relacionadas con la diabetes pueden ser: enfermedad coronaria, insuficiencia card\u00edaca y cardiomiopat\u00eda diab\u00e9tica. La diabetes por s\u00ed misma lo pone en riesgo de enfermedad card\u00edaca. Otros factores de riesgo incluyen: **Historia\u2026","rel":"","context":"Entrada similar","block_context":{"text":"Entrada similar","link":""},"img":{"alt_text":"","src":"https:\/\/i0.wp.com\/inadi.gob.hn\/sitio\/wp-content\/uploads\/2020\/09\/743e12b2d2a9b2f303ce3784331a6155.png?fit=800%2C800&ssl=1&resize=350%2C200","width":350,"height":200,"srcset":"https:\/\/i0.wp.com\/inadi.gob.hn\/sitio\/wp-content\/uploads\/2020\/09\/743e12b2d2a9b2f303ce3784331a6155.png?fit=800%2C800&ssl=1&resize=350%2C200 1x, https:\/\/i0.wp.com\/inadi.gob.hn\/sitio\/wp-content\/uploads\/2020\/09\/743e12b2d2a9b2f303ce3784331a6155.png?fit=800%2C800&ssl=1&resize=525%2C300 1.5x, https:\/\/i0.wp.com\/inadi.gob.hn\/sitio\/wp-content\/uploads\/2020\/09\/743e12b2d2a9b2f303ce3784331a6155.png?fit=800%2C800&ssl=1&resize=700%2C400 2x"},"classes":[]},{"id":1938,"url":"https:\/\/inadi.gob.hn\/sitio\/dia-mundial-de-la-vision-esperanza-a-la-vista\/","url_meta":{"origin":764,"position":4},"title":"D\u00eda Mundial de la Visi\u00f3n  \u00abEsperanza a la vista\u00bb","author":"Sendy Avila","date":"8 octubre, 2020","format":false,"excerpt":"Cada segundo jueves del mes de octubre se conmemora el D\u00eda Mundial de la Visi\u00f3n. En 2020, este d\u00eda ha ca\u00eddo el 8 de octubre. Seg\u00fan datos de la OMS, 2.200 millones de personas tienen alg\u00fan tipo de discapacidad visual. Este d\u00eda se conmemora por iniciativa de la Organizaci\u00f3n Mundial\u2026","rel":"","context":"Entrada similar","block_context":{"text":"Entrada similar","link":""},"img":{"alt_text":"","src":"https:\/\/i0.wp.com\/inadi.gob.hn\/sitio\/wp-content\/uploads\/2020\/10\/esperanza-a-la-vista-300x279.jpg?resize=350%2C200&ssl=1","width":350,"height":200},"classes":[]},{"id":172,"url":"https:\/\/inadi.gob.hn\/sitio\/capacitaciones\/","url_meta":{"origin":764,"position":5},"title":"CAPACITACIONES","author":"admin","date":"30 mayo, 2017","format":false,"excerpt":"\u00a0 La DESINFORMACI\u00d3N es una de las principales causas de la #diabetes y otras enfermedades. Bajo lineamientos del Presidente Juan Orlando Hern\u00e1ndez y la Directora del Instituto, la Dra. Johana Bermudez , damos voz a nuestros pacientes para que expongan sus dudas acerca de la enfermedad y otras complicaciones para\u2026","rel":"","context":"Entrada similar","block_context":{"text":"Entrada similar","link":""},"img":{"alt_text":"","src":"https:\/\/i0.wp.com\/inadi.gob.hn\/sitio\/wp-content\/uploads\/2017\/05\/Imagen1-300x237.jpg?resize=350%2C200","width":350,"height":200},"classes":[]}],"_links":{"self":[{"href":"https:\/\/inadi.gob.hn\/sitio\/wp-json\/wp\/v2\/pages\/764","targetHints":{"allow":["GET"]}}],"collection":[{"href":"https:\/\/inadi.gob.hn\/sitio\/wp-json\/wp\/v2\/pages"}],"about":[{"href":"https:\/\/inadi.gob.hn\/sitio\/wp-json\/wp\/v2\/types\/page"}],"author":[{"embeddable":true,"href":"https:\/\/inadi.gob.hn\/sitio\/wp-json\/wp\/v2\/users\/3"}],"replies":[{"embeddable":true,"href":"https:\/\/inadi.gob.hn\/sitio\/wp-json\/wp\/v2\/comments?post=764"}],"version-history":[{"count":4,"href":"https:\/\/inadi.gob.hn\/sitio\/wp-json\/wp\/v2\/pages\/764\/revisions"}],"predecessor-version":[{"id":3029,"href":"https:\/\/inadi.gob.hn\/sitio\/wp-json\/wp\/v2\/pages\/764\/revisions\/3029"}],"wp:featuredmedia":[{"embeddable":true,"href":"https:\/\/inadi.gob.hn\/sitio\/wp-json\/wp\/v2\/media\/705"}],"wp:attachment":[{"href":"https:\/\/inadi.gob.hn\/sitio\/wp-json\/wp\/v2\/media?parent=764"}],"curies":[{"name":"wp","href":"https:\/\/api.w.org\/{rel}","templated":true}]}}